{"id":7054,"date":"2025-01-15T08:15:18","date_gmt":"2025-01-15T08:15:18","guid":{"rendered":"https:\/\/www.forethoughtmed.com\/?post_type=product&#038;p=7054"},"modified":"2025-07-23T18:47:33","modified_gmt":"2025-07-23T17:47:33","slug":"scolimatrix-3d-detection-system-ft08w","status":"publish","type":"product","link":"http:\/\/www.forethoughtmed.com\/pt\/produto\/scolimatrix-3d-detection-system-ft08w\/","title":{"rendered":"Sistema de dete\u00e7\u00e3o ScoliMatrix 3D da Forethought FT08W"},"content":{"rendered":"<h2>Escoli\u00f3metro m\u00e9dico Forethought<\/h2>\n<h2>N\u00e3o radiativo, port\u00e1til, compacto e leve.<\/h2>\n<h2>Permite o rastreio em grande escala da escoliose espinal a n\u00edvel de toda a cidade.<\/h2>\n<p class=\"lead\">Nota: o ipad n\u00e3o est\u00e1 inclu\u00eddo<\/p>\n\t<div class=\"img has-hover x md-x lg-x y md-y lg-y\" id=\"image_645108897\">\n\t\t\t\t\t\t\t\t<div class=\"img-inner dark\" >\n\t\t\t<img decoding=\"async\" width=\"567\" height=\"800\" src=\"http:\/\/www.forethoughtmed.com\/wp-content\/uploads\/2025\/01\/ScoliMatrix3D-Detection-System-FT08W-01-567x800.jpg\" class=\"attachment-large size-large\" alt=\"\" srcset=\"http:\/\/www.forethoughtmed.com\/wp-content\/uploads\/2025\/01\/ScoliMatrix3D-Detection-System-FT08W-01-567x800.jpg 567w, http:\/\/www.forethoughtmed.com\/wp-content\/uploads\/2025\/01\/ScoliMatrix3D-Detection-System-FT08W-01-283x400.jpg 283w, http:\/\/www.forethoughtmed.com\/wp-content\/uploads\/2025\/01\/ScoliMatrix3D-Detection-System-FT08W-01-768x1084.jpg 768w, http:\/\/www.forethoughtmed.com\/wp-content\/uploads\/2025\/01\/ScoliMatrix3D-Detection-System-FT08W-01-1088x1536.jpg 1088w, http:\/\/www.forethoughtmed.com\/wp-content\/uploads\/2025\/01\/ScoliMatrix3D-Detection-System-FT08W-01-1451x2048.jpg 1451w, http:\/\/www.forethoughtmed.com\/wp-content\/uploads\/2025\/01\/ScoliMatrix3D-Detection-System-FT08W-01-9x12.jpg 9w, http:\/\/www.forethoughtmed.com\/wp-content\/uploads\/2025\/01\/ScoliMatrix3D-Detection-System-FT08W-01-1000x1412.jpg 1000w, http:\/\/www.forethoughtmed.com\/wp-content\/uploads\/2025\/01\/ScoliMatrix3D-Detection-System-FT08W-01-scaled.jpg 1814w\" sizes=\"(max-width: 567px) 100vw, 567px\" \/>\t\t\t\t\t\t\n\t\t\t\t\t<\/div>\n\t\t\t\t\t\t\t\t\n<style>\n#image_645108897 {\n  width: 100%;\n}\n<\/style>\n\t<\/div>\n\t\n\t<div class=\"img has-hover x md-x lg-x y md-y lg-y\" id=\"image_1743443837\">\n\t\t\t\t\t\t\t\t<div class=\"img-inner dark\" >\n\t\t\t<img decoding=\"async\" width=\"567\" height=\"800\" src=\"http:\/\/www.forethoughtmed.com\/wp-content\/uploads\/2025\/01\/ScoliMatrix3D-Detection-System-FT08W-02-567x800.jpg\" class=\"attachment-large size-large\" alt=\"\" srcset=\"http:\/\/www.forethoughtmed.com\/wp-content\/uploads\/2025\/01\/ScoliMatrix3D-Detection-System-FT08W-02-567x800.jpg 567w, http:\/\/www.forethoughtmed.com\/wp-content\/uploads\/2025\/01\/ScoliMatrix3D-Detection-System-FT08W-02-283x400.jpg 283w, http:\/\/www.forethoughtmed.com\/wp-content\/uploads\/2025\/01\/ScoliMatrix3D-Detection-System-FT08W-02-768x1084.jpg 768w, http:\/\/www.forethoughtmed.com\/wp-content\/uploads\/2025\/01\/ScoliMatrix3D-Detection-System-FT08W-02-1088x1536.jpg 1088w, http:\/\/www.forethoughtmed.com\/wp-content\/uploads\/2025\/01\/ScoliMatrix3D-Detection-System-FT08W-02-1451x2048.jpg 1451w, http:\/\/www.forethoughtmed.com\/wp-content\/uploads\/2025\/01\/ScoliMatrix3D-Detection-System-FT08W-02-9x12.jpg 9w, http:\/\/www.forethoughtmed.com\/wp-content\/uploads\/2025\/01\/ScoliMatrix3D-Detection-System-FT08W-02-1000x1412.jpg 1000w, http:\/\/www.forethoughtmed.com\/wp-content\/uploads\/2025\/01\/ScoliMatrix3D-Detection-System-FT08W-02-scaled.jpg 1814w\" sizes=\"(max-width: 567px) 100vw, 567px\" \/>\t\t\t\t\t\t\n\t\t\t\t\t<\/div>\n\t\t\t\t\t\t\t\t\n<style>\n#image_1743443837 {\n  width: 100%;\n}\n<\/style>\n\t<\/div>\n\t\n\t<div class=\"img has-hover x md-x lg-x y md-y lg-y\" id=\"image_321388507\">\n\t\t\t\t\t\t\t\t<div class=\"img-inner dark\" >\n\t\t\t<img decoding=\"async\" width=\"567\" height=\"800\" src=\"http:\/\/www.forethoughtmed.com\/wp-content\/uploads\/2025\/01\/ScoliMatrix3D-Detection-System-FT08W-03-567x800.jpg\" class=\"attachment-large size-large\" alt=\"\" srcset=\"http:\/\/www.forethoughtmed.com\/wp-content\/uploads\/2025\/01\/ScoliMatrix3D-Detection-System-FT08W-03-567x800.jpg 567w, http:\/\/www.forethoughtmed.com\/wp-content\/uploads\/2025\/01\/ScoliMatrix3D-Detection-System-FT08W-03-283x400.jpg 283w, http:\/\/www.forethoughtmed.com\/wp-content\/uploads\/2025\/01\/ScoliMatrix3D-Detection-System-FT08W-03-768x1084.jpg 768w, http:\/\/www.forethoughtmed.com\/wp-content\/uploads\/2025\/01\/ScoliMatrix3D-Detection-System-FT08W-03-1088x1536.jpg 1088w, http:\/\/www.forethoughtmed.com\/wp-content\/uploads\/2025\/01\/ScoliMatrix3D-Detection-System-FT08W-03-1451x2048.jpg 1451w, http:\/\/www.forethoughtmed.com\/wp-content\/uploads\/2025\/01\/ScoliMatrix3D-Detection-System-FT08W-03-9x12.jpg 9w, http:\/\/www.forethoughtmed.com\/wp-content\/uploads\/2025\/01\/ScoliMatrix3D-Detection-System-FT08W-03-1000x1412.jpg 1000w, http:\/\/www.forethoughtmed.com\/wp-content\/uploads\/2025\/01\/ScoliMatrix3D-Detection-System-FT08W-03-scaled.jpg 1814w\" sizes=\"(max-width: 567px) 100vw, 567px\" \/>\t\t\t\t\t\t\n\t\t\t\t\t<\/div>\n\t\t\t\t\t\t\t\t\n<style>\n#image_321388507 {\n  width: 100%;\n}\n<\/style>\n\t<\/div>\n\t\n\t<div class=\"img has-hover x md-x lg-x y md-y lg-y\" id=\"image_127027228\">\n\t\t\t\t\t\t\t\t<div class=\"img-inner dark\" >\n\t\t\t<img decoding=\"async\" width=\"567\" height=\"800\" src=\"http:\/\/www.forethoughtmed.com\/wp-content\/uploads\/2025\/01\/ScoliMatrix3D-Detection-System-FT08W-04-567x800.jpg\" class=\"attachment-large size-large\" alt=\"\" srcset=\"http:\/\/www.forethoughtmed.com\/wp-content\/uploads\/2025\/01\/ScoliMatrix3D-Detection-System-FT08W-04-567x800.jpg 567w, http:\/\/www.forethoughtmed.com\/wp-content\/uploads\/2025\/01\/ScoliMatrix3D-Detection-System-FT08W-04-283x400.jpg 283w, http:\/\/www.forethoughtmed.com\/wp-content\/uploads\/2025\/01\/ScoliMatrix3D-Detection-System-FT08W-04-768x1084.jpg 768w, http:\/\/www.forethoughtmed.com\/wp-content\/uploads\/2025\/01\/ScoliMatrix3D-Detection-System-FT08W-04-1088x1536.jpg 1088w, http:\/\/www.forethoughtmed.com\/wp-content\/uploads\/2025\/01\/ScoliMatrix3D-Detection-System-FT08W-04-1451x2048.jpg 1451w, http:\/\/www.forethoughtmed.com\/wp-content\/uploads\/2025\/01\/ScoliMatrix3D-Detection-System-FT08W-04-9x12.jpg 9w, http:\/\/www.forethoughtmed.com\/wp-content\/uploads\/2025\/01\/ScoliMatrix3D-Detection-System-FT08W-04-1000x1412.jpg 1000w, http:\/\/www.forethoughtmed.com\/wp-content\/uploads\/2025\/01\/ScoliMatrix3D-Detection-System-FT08W-04-scaled.jpg 1814w\" sizes=\"(max-width: 567px) 100vw, 567px\" \/>\t\t\t\t\t\t\n\t\t\t\t\t<\/div>\n\t\t\t\t\t\t\t\t\n<style>\n#image_127027228 {\n  width: 100%;\n}\n<\/style>\n\t<\/div>\n\t\n\t<div class=\"img has-hover x md-x lg-x y md-y lg-y\" id=\"image_1709522407\">\n\t\t\t\t\t\t\t\t<div class=\"img-inner dark\" >\n\t\t\t<img decoding=\"async\" width=\"567\" height=\"800\" src=\"http:\/\/www.forethoughtmed.com\/wp-content\/uploads\/2025\/01\/ScoliMatrix3D-Detection-System-FT08W-05-567x800.jpg\" class=\"attachment-large size-large\" alt=\"\" srcset=\"http:\/\/www.forethoughtmed.com\/wp-content\/uploads\/2025\/01\/ScoliMatrix3D-Detection-System-FT08W-05-567x800.jpg 567w, http:\/\/www.forethoughtmed.com\/wp-content\/uploads\/2025\/01\/ScoliMatrix3D-Detection-System-FT08W-05-283x400.jpg 283w, http:\/\/www.forethoughtmed.com\/wp-content\/uploads\/2025\/01\/ScoliMatrix3D-Detection-System-FT08W-05-768x1084.jpg 768w, http:\/\/www.forethoughtmed.com\/wp-content\/uploads\/2025\/01\/ScoliMatrix3D-Detection-System-FT08W-05-1088x1536.jpg 1088w, http:\/\/www.forethoughtmed.com\/wp-content\/uploads\/2025\/01\/ScoliMatrix3D-Detection-System-FT08W-05-1451x2048.jpg 1451w, http:\/\/www.forethoughtmed.com\/wp-content\/uploads\/2025\/01\/ScoliMatrix3D-Detection-System-FT08W-05-9x12.jpg 9w, http:\/\/www.forethoughtmed.com\/wp-content\/uploads\/2025\/01\/ScoliMatrix3D-Detection-System-FT08W-05-1000x1412.jpg 1000w, http:\/\/www.forethoughtmed.com\/wp-content\/uploads\/2025\/01\/ScoliMatrix3D-Detection-System-FT08W-05-scaled.jpg 1814w\" sizes=\"(max-width: 567px) 100vw, 567px\" \/>\t\t\t\t\t\t\n\t\t\t\t\t<\/div>\n\t\t\t\t\t\t\t\t\n<style>\n#image_1709522407 {\n  width: 100%;\n}\n<\/style>\n\t<\/div>\n\t\n\t<div class=\"img has-hover x md-x lg-x y md-y lg-y\" id=\"image_1096464102\">\n\t\t\t\t\t\t\t\t<div class=\"img-inner dark\" >\n\t\t\t<img decoding=\"async\" width=\"567\" height=\"800\" src=\"http:\/\/www.forethoughtmed.com\/wp-content\/uploads\/2025\/01\/ScoliMatrix3D-Detection-System-FT08W-06-567x800.jpg\" class=\"attachment-large size-large\" alt=\"\" srcset=\"http:\/\/www.forethoughtmed.com\/wp-content\/uploads\/2025\/01\/ScoliMatrix3D-Detection-System-FT08W-06-567x800.jpg 567w, http:\/\/www.forethoughtmed.com\/wp-content\/uploads\/2025\/01\/ScoliMatrix3D-Detection-System-FT08W-06-283x400.jpg 283w, http:\/\/www.forethoughtmed.com\/wp-content\/uploads\/2025\/01\/ScoliMatrix3D-Detection-System-FT08W-06-768x1084.jpg 768w, http:\/\/www.forethoughtmed.com\/wp-content\/uploads\/2025\/01\/ScoliMatrix3D-Detection-System-FT08W-06-1088x1536.jpg 1088w, http:\/\/www.forethoughtmed.com\/wp-content\/uploads\/2025\/01\/ScoliMatrix3D-Detection-System-FT08W-06-1451x2048.jpg 1451w, http:\/\/www.forethoughtmed.com\/wp-content\/uploads\/2025\/01\/ScoliMatrix3D-Detection-System-FT08W-06-9x12.jpg 9w, http:\/\/www.forethoughtmed.com\/wp-content\/uploads\/2025\/01\/ScoliMatrix3D-Detection-System-FT08W-06-1000x1412.jpg 1000w, http:\/\/www.forethoughtmed.com\/wp-content\/uploads\/2025\/01\/ScoliMatrix3D-Detection-System-FT08W-06-scaled.jpg 1814w\" sizes=\"(max-width: 567px) 100vw, 567px\" \/>\t\t\t\t\t\t\n\t\t\t\t\t<\/div>\n\t\t\t\t\t\t\t\t\n<style>\n#image_1096464102 {\n  width: 100%;\n}\n<\/style>\n\t<\/div>\n\t\n\t<div class=\"img has-hover x md-x lg-x y md-y lg-y\" id=\"image_1194686111\">\n\t\t\t\t\t\t\t\t<div class=\"img-inner dark\" >\n\t\t\t<img decoding=\"async\" width=\"567\" height=\"800\" src=\"http:\/\/www.forethoughtmed.com\/wp-content\/uploads\/2025\/01\/ScoliMatrix3D-Detection-System-FT08W-07-567x800.jpg\" class=\"attachment-large size-large\" alt=\"\" srcset=\"http:\/\/www.forethoughtmed.com\/wp-content\/uploads\/2025\/01\/ScoliMatrix3D-Detection-System-FT08W-07-567x800.jpg 567w, http:\/\/www.forethoughtmed.com\/wp-content\/uploads\/2025\/01\/ScoliMatrix3D-Detection-System-FT08W-07-283x400.jpg 283w, http:\/\/www.forethoughtmed.com\/wp-content\/uploads\/2025\/01\/ScoliMatrix3D-Detection-System-FT08W-07-768x1084.jpg 768w, http:\/\/www.forethoughtmed.com\/wp-content\/uploads\/2025\/01\/ScoliMatrix3D-Detection-System-FT08W-07-1088x1536.jpg 1088w, http:\/\/www.forethoughtmed.com\/wp-content\/uploads\/2025\/01\/ScoliMatrix3D-Detection-System-FT08W-07-1451x2048.jpg 1451w, http:\/\/www.forethoughtmed.com\/wp-content\/uploads\/2025\/01\/ScoliMatrix3D-Detection-System-FT08W-07-9x12.jpg 9w, http:\/\/www.forethoughtmed.com\/wp-content\/uploads\/2025\/01\/ScoliMatrix3D-Detection-System-FT08W-07-1000x1412.jpg 1000w, http:\/\/www.forethoughtmed.com\/wp-content\/uploads\/2025\/01\/ScoliMatrix3D-Detection-System-FT08W-07-scaled.jpg 1814w\" sizes=\"(max-width: 567px) 100vw, 567px\" \/>\t\t\t\t\t\t\n\t\t\t\t\t<\/div>\n\t\t\t\t\t\t\t\t\n<style>\n#image_1194686111 {\n  width: 100%;\n}\n<\/style>\n\t<\/div>\n\t\n\t<div class=\"img has-hover x md-x lg-x y md-y lg-y\" id=\"image_1881051117\">\n\t\t\t\t\t\t\t\t<div class=\"img-inner dark\" >\n\t\t\t<img decoding=\"async\" width=\"567\" height=\"800\" src=\"http:\/\/www.forethoughtmed.com\/wp-content\/uploads\/2025\/01\/ScoliMatrix3D-Detection-System-FT08W-08-567x800.jpg\" class=\"attachment-large size-large\" alt=\"\" srcset=\"http:\/\/www.forethoughtmed.com\/wp-content\/uploads\/2025\/01\/ScoliMatrix3D-Detection-System-FT08W-08-567x800.jpg 567w, http:\/\/www.forethoughtmed.com\/wp-content\/uploads\/2025\/01\/ScoliMatrix3D-Detection-System-FT08W-08-283x400.jpg 283w, http:\/\/www.forethoughtmed.com\/wp-content\/uploads\/2025\/01\/ScoliMatrix3D-Detection-System-FT08W-08-768x1084.jpg 768w, http:\/\/www.forethoughtmed.com\/wp-content\/uploads\/2025\/01\/ScoliMatrix3D-Detection-System-FT08W-08-1088x1536.jpg 1088w, http:\/\/www.forethoughtmed.com\/wp-content\/uploads\/2025\/01\/ScoliMatrix3D-Detection-System-FT08W-08-1451x2048.jpg 1451w, http:\/\/www.forethoughtmed.com\/wp-content\/uploads\/2025\/01\/ScoliMatrix3D-Detection-System-FT08W-08-9x12.jpg 9w, http:\/\/www.forethoughtmed.com\/wp-content\/uploads\/2025\/01\/ScoliMatrix3D-Detection-System-FT08W-08-1000x1412.jpg 1000w, http:\/\/www.forethoughtmed.com\/wp-content\/uploads\/2025\/01\/ScoliMatrix3D-Detection-System-FT08W-08-scaled.jpg 1814w\" sizes=\"(max-width: 567px) 100vw, 567px\" \/>\t\t\t\t\t\t\n\t\t\t\t\t<\/div>\n\t\t\t\t\t\t\t\t\n<style>\n#image_1881051117 {\n  width: 100%;\n}\n<\/style>\n\t<\/div>\n\t\n\t<div class=\"img has-hover x md-x lg-x y md-y lg-y\" id=\"image_357383089\">\n\t\t\t\t\t\t\t\t<div class=\"img-inner dark\" >\n\t\t\t<img decoding=\"async\" width=\"567\" height=\"800\" src=\"http:\/\/www.forethoughtmed.com\/wp-content\/uploads\/2025\/01\/ScoliMatrix3D-Detection-System-FT08W-09-567x800.jpg\" class=\"attachment-large size-large\" alt=\"\" srcset=\"http:\/\/www.forethoughtmed.com\/wp-content\/uploads\/2025\/01\/ScoliMatrix3D-Detection-System-FT08W-09-567x800.jpg 567w, http:\/\/www.forethoughtmed.com\/wp-content\/uploads\/2025\/01\/ScoliMatrix3D-Detection-System-FT08W-09-283x400.jpg 283w, http:\/\/www.forethoughtmed.com\/wp-content\/uploads\/2025\/01\/ScoliMatrix3D-Detection-System-FT08W-09-768x1084.jpg 768w, http:\/\/www.forethoughtmed.com\/wp-content\/uploads\/2025\/01\/ScoliMatrix3D-Detection-System-FT08W-09-1088x1536.jpg 1088w, http:\/\/www.forethoughtmed.com\/wp-content\/uploads\/2025\/01\/ScoliMatrix3D-Detection-System-FT08W-09-1451x2048.jpg 1451w, http:\/\/www.forethoughtmed.com\/wp-content\/uploads\/2025\/01\/ScoliMatrix3D-Detection-System-FT08W-09-9x12.jpg 9w, http:\/\/www.forethoughtmed.com\/wp-content\/uploads\/2025\/01\/ScoliMatrix3D-Detection-System-FT08W-09-1000x1412.jpg 1000w, http:\/\/www.forethoughtmed.com\/wp-content\/uploads\/2025\/01\/ScoliMatrix3D-Detection-System-FT08W-09-scaled.jpg 1814w\" sizes=\"(max-width: 567px) 100vw, 567px\" \/>\t\t\t\t\t\t\n\t\t\t\t\t<\/div>\n\t\t\t\t\t\t\t\t\n<style>\n#image_357383089 {\n  width: 100%;\n}\n<\/style>\n\t<\/div>\n\t\n\t<div class=\"img has-hover x md-x lg-x y md-y lg-y\" id=\"image_1279040032\">\n\t\t\t\t\t\t\t\t<div class=\"img-inner dark\" >\n\t\t\t<img decoding=\"async\" width=\"567\" height=\"800\" src=\"http:\/\/www.forethoughtmed.com\/wp-content\/uploads\/2025\/01\/ScoliMatrix3D-Detection-System-FT08W-10-567x800.jpg\" class=\"attachment-large size-large\" alt=\"\" srcset=\"http:\/\/www.forethoughtmed.com\/wp-content\/uploads\/2025\/01\/ScoliMatrix3D-Detection-System-FT08W-10-567x800.jpg 567w, http:\/\/www.forethoughtmed.com\/wp-content\/uploads\/2025\/01\/ScoliMatrix3D-Detection-System-FT08W-10-283x400.jpg 283w, http:\/\/www.forethoughtmed.com\/wp-content\/uploads\/2025\/01\/ScoliMatrix3D-Detection-System-FT08W-10-768x1084.jpg 768w, http:\/\/www.forethoughtmed.com\/wp-content\/uploads\/2025\/01\/ScoliMatrix3D-Detection-System-FT08W-10-1088x1536.jpg 1088w, http:\/\/www.forethoughtmed.com\/wp-content\/uploads\/2025\/01\/ScoliMatrix3D-Detection-System-FT08W-10-1451x2048.jpg 1451w, http:\/\/www.forethoughtmed.com\/wp-content\/uploads\/2025\/01\/ScoliMatrix3D-Detection-System-FT08W-10-9x12.jpg 9w, http:\/\/www.forethoughtmed.com\/wp-content\/uploads\/2025\/01\/ScoliMatrix3D-Detection-System-FT08W-10-1000x1412.jpg 1000w, http:\/\/www.forethoughtmed.com\/wp-content\/uploads\/2025\/01\/ScoliMatrix3D-Detection-System-FT08W-10-scaled.jpg 1814w\" sizes=\"(max-width: 567px) 100vw, 567px\" \/>\t\t\t\t\t\t\n\t\t\t\t\t<\/div>\n\t\t\t\t\t\t\t\t\n<style>\n#image_1279040032 {\n  width: 100%;\n}\n<\/style>\n\t<\/div>\n\t\n\t<div class=\"img has-hover x md-x lg-x y md-y lg-y\" id=\"image_856339013\">\n\t\t\t\t\t\t\t\t<div class=\"img-inner dark\" >\n\t\t\t<img decoding=\"async\" width=\"567\" height=\"800\" src=\"http:\/\/www.forethoughtmed.com\/wp-content\/uploads\/2025\/01\/ScoliMatrix3D-Detection-System-FT08W-11-567x800.jpg\" class=\"attachment-large size-large\" alt=\"\" srcset=\"http:\/\/www.forethoughtmed.com\/wp-content\/uploads\/2025\/01\/ScoliMatrix3D-Detection-System-FT08W-11-567x800.jpg 567w, http:\/\/www.forethoughtmed.com\/wp-content\/uploads\/2025\/01\/ScoliMatrix3D-Detection-System-FT08W-11-283x400.jpg 283w, http:\/\/www.forethoughtmed.com\/wp-content\/uploads\/2025\/01\/ScoliMatrix3D-Detection-System-FT08W-11-768x1084.jpg 768w, http:\/\/www.forethoughtmed.com\/wp-content\/uploads\/2025\/01\/ScoliMatrix3D-Detection-System-FT08W-11-1088x1536.jpg 1088w, http:\/\/www.forethoughtmed.com\/wp-content\/uploads\/2025\/01\/ScoliMatrix3D-Detection-System-FT08W-11-1451x2048.jpg 1451w, http:\/\/www.forethoughtmed.com\/wp-content\/uploads\/2025\/01\/ScoliMatrix3D-Detection-System-FT08W-11-9x12.jpg 9w, http:\/\/www.forethoughtmed.com\/wp-content\/uploads\/2025\/01\/ScoliMatrix3D-Detection-System-FT08W-11-1000x1412.jpg 1000w, http:\/\/www.forethoughtmed.com\/wp-content\/uploads\/2025\/01\/ScoliMatrix3D-Detection-System-FT08W-11-scaled.jpg 1814w\" sizes=\"(max-width: 567px) 100vw, 567px\" \/>\t\t\t\t\t\t\n\t\t\t\t\t<\/div>\n\t\t\t\t\t\t\t\t\n<style>\n#image_856339013 {\n  width: 100%;\n}\n<\/style>\n\t<\/div>\n\t\n\t<div class=\"img has-hover x md-x lg-x y md-y lg-y\" id=\"image_1071450814\">\n\t\t\t\t\t\t\t\t<div class=\"img-inner dark\" >\n\t\t\t<img decoding=\"async\" width=\"567\" height=\"800\" src=\"http:\/\/www.forethoughtmed.com\/wp-content\/uploads\/2025\/01\/ScoliMatrix3D-Detection-System-FT08W-12-567x800.jpg\" class=\"attachment-large size-large\" alt=\"\" srcset=\"http:\/\/www.forethoughtmed.com\/wp-content\/uploads\/2025\/01\/ScoliMatrix3D-Detection-System-FT08W-12-567x800.jpg 567w, http:\/\/www.forethoughtmed.com\/wp-content\/uploads\/2025\/01\/ScoliMatrix3D-Detection-System-FT08W-12-283x400.jpg 283w, http:\/\/www.forethoughtmed.com\/wp-content\/uploads\/2025\/01\/ScoliMatrix3D-Detection-System-FT08W-12-768x1084.jpg 768w, http:\/\/www.forethoughtmed.com\/wp-content\/uploads\/2025\/01\/ScoliMatrix3D-Detection-System-FT08W-12-1088x1536.jpg 1088w, http:\/\/www.forethoughtmed.com\/wp-content\/uploads\/2025\/01\/ScoliMatrix3D-Detection-System-FT08W-12-1451x2048.jpg 1451w, http:\/\/www.forethoughtmed.com\/wp-content\/uploads\/2025\/01\/ScoliMatrix3D-Detection-System-FT08W-12-9x12.jpg 9w, http:\/\/www.forethoughtmed.com\/wp-content\/uploads\/2025\/01\/ScoliMatrix3D-Detection-System-FT08W-12-1000x1412.jpg 1000w, http:\/\/www.forethoughtmed.com\/wp-content\/uploads\/2025\/01\/ScoliMatrix3D-Detection-System-FT08W-12-scaled.jpg 1814w\" sizes=\"(max-width: 567px) 100vw, 567px\" \/>\t\t\t\t\t\t\n\t\t\t\t\t<\/div>\n\t\t\t\t\t\t\t\t\n<style>\n#image_1071450814 {\n  width: 100%;\n}\n<\/style>\n\t<\/div>\n\t\n\t<div class=\"img has-hover x md-x lg-x y md-y lg-y\" id=\"image_1091714436\">\n\t\t\t\t\t\t\t\t<div class=\"img-inner dark\" >\n\t\t\t<img decoding=\"async\" width=\"567\" height=\"800\" src=\"http:\/\/www.forethoughtmed.com\/wp-content\/uploads\/2025\/01\/ScoliMatrix3D-Detection-System-FT08W-13-567x800.jpg\" class=\"attachment-large size-large\" alt=\"\" srcset=\"http:\/\/www.forethoughtmed.com\/wp-content\/uploads\/2025\/01\/ScoliMatrix3D-Detection-System-FT08W-13-567x800.jpg 567w, http:\/\/www.forethoughtmed.com\/wp-content\/uploads\/2025\/01\/ScoliMatrix3D-Detection-System-FT08W-13-283x400.jpg 283w, http:\/\/www.forethoughtmed.com\/wp-content\/uploads\/2025\/01\/ScoliMatrix3D-Detection-System-FT08W-13-768x1084.jpg 768w, http:\/\/www.forethoughtmed.com\/wp-content\/uploads\/2025\/01\/ScoliMatrix3D-Detection-System-FT08W-13-1088x1536.jpg 1088w, http:\/\/www.forethoughtmed.com\/wp-content\/uploads\/2025\/01\/ScoliMatrix3D-Detection-System-FT08W-13-1451x2048.jpg 1451w, http:\/\/www.forethoughtmed.com\/wp-content\/uploads\/2025\/01\/ScoliMatrix3D-Detection-System-FT08W-13-9x12.jpg 9w, http:\/\/www.forethoughtmed.com\/wp-content\/uploads\/2025\/01\/ScoliMatrix3D-Detection-System-FT08W-13-1000x1412.jpg 1000w, http:\/\/www.forethoughtmed.com\/wp-content\/uploads\/2025\/01\/ScoliMatrix3D-Detection-System-FT08W-13-scaled.jpg 1814w\" sizes=\"(max-width: 567px) 100vw, 567px\" \/>\t\t\t\t\t\t\n\t\t\t\t\t<\/div>\n\t\t\t\t\t\t\t\t\n<style>\n#image_1091714436 {\n  width: 100%;\n}\n<\/style>\n\t<\/div>","protected":false},"excerpt":{"rendered":"<p>Forethought Medical Scoliometer Nonradiative, Portable,Compact and light. Enables large-scale spinal scoliosis screening at a city-wide level. Note: ipad is not included<\/p>","protected":false},"featured_media":7058,"comment_status":"open","ping_status":"closed","template":"","meta":[],"product_brand":[],"product_cat":[110],"product_tag":[],"class_list":{"0":"post-7054","1":"product","2":"type-product","3":"status-publish","4":"has-post-thumbnail","6":"product_cat-scoliosis-test-meter","8":"first","9":"instock","10":"sale","11":"shipping-taxable","12":"purchasable","13":"product-type-simple"},"_links":{"self":[{"href":"http:\/\/www.forethoughtmed.com\/pt\/wp-json\/wp\/v2\/product\/7054","targetHints":{"allow":["GET"]}}],"collection":[{"href":"http:\/\/www.forethoughtmed.com\/pt\/wp-json\/wp\/v2\/product"}],"about":[{"href":"http:\/\/www.forethoughtmed.com\/pt\/wp-json\/wp\/v2\/types\/product"}],"replies":[{"embeddable":true,"href":"http:\/\/www.forethoughtmed.com\/pt\/wp-json\/wp\/v2\/comments?post=7054"}],"wp:featuredmedia":[{"embeddable":true,"href":"http:\/\/www.forethoughtmed.com\/pt\/wp-json\/wp\/v2\/media\/7058"}],"wp:attachment":[{"href":"http:\/\/www.forethoughtmed.com\/pt\/wp-json\/wp\/v2\/media?parent=7054"}],"wp:term":[{"taxonomy":"product_brand","embeddable":true,"href":"http:\/\/www.forethoughtmed.com\/pt\/wp-json\/wp\/v2\/product_brand?post=7054"},{"taxonomy":"product_cat","embeddable":true,"href":"http:\/\/www.forethoughtmed.com\/pt\/wp-json\/wp\/v2\/product_cat?post=7054"},{"taxonomy":"product_tag","embeddable":true,"href":"http:\/\/www.forethoughtmed.com\/pt\/wp-json\/wp\/v2\/product_tag?post=7054"}],"curies":[{"name":"wp","href":"https:\/\/api.w.org\/{rel}","templated":true}]}}