{"id":6586,"date":"2024-11-12T09:33:55","date_gmt":"2024-11-12T09:33:55","guid":{"rendered":"https:\/\/www.forethoughtmed.com\/?post_type=product&#038;p=6586"},"modified":"2025-03-20T09:08:38","modified_gmt":"2025-03-20T09:08:38","slug":"scoliosis-undergarment-for-toddlers-model-sc301","status":"publish","type":"product","link":"http:\/\/www.forethoughtmed.com\/pt\/produto\/scoliosis-undergarment-for-toddlers-model-sc301\/","title":{"rendered":"Roupa interior para crian\u00e7as com escoliose - Modelo SC301"},"content":{"rendered":"<p data-pm-slice=\"1 1 []\"><img decoding=\"async\" class=\"size-medium wp-image-6579 aligncenter\" src=\"http:\/\/www.forethoughtmed.com\/wp-content\/uploads\/2024\/11\/pic58-800x166.jpg\" alt=\"\" width=\"800\" height=\"166\" srcset=\"http:\/\/www.forethoughtmed.com\/wp-content\/uploads\/2024\/11\/pic58-800x166.jpg 800w, http:\/\/www.forethoughtmed.com\/wp-content\/uploads\/2024\/11\/pic58-1400x291.jpg 1400w, http:\/\/www.forethoughtmed.com\/wp-content\/uploads\/2024\/11\/pic58-768x159.jpg 768w, http:\/\/www.forethoughtmed.com\/wp-content\/uploads\/2024\/11\/pic58-1536x319.jpg 1536w, http:\/\/www.forethoughtmed.com\/wp-content\/uploads\/2024\/11\/pic58-2048x425.jpg 2048w, http:\/\/www.forethoughtmed.com\/wp-content\/uploads\/2024\/11\/pic58-18x4.jpg 18w, http:\/\/www.forethoughtmed.com\/wp-content\/uploads\/2024\/11\/pic58-1000x208.jpg 1000w\" sizes=\"(max-width: 800px) 100vw, 800px\" \/> <img decoding=\"async\" class=\"size-medium wp-image-6580 aligncenter\" src=\"http:\/\/www.forethoughtmed.com\/wp-content\/uploads\/2024\/11\/pic59-720x400.jpg\" alt=\"\" width=\"720\" height=\"400\" srcset=\"http:\/\/www.forethoughtmed.com\/wp-content\/uploads\/2024\/11\/pic59-720x400.jpg 720w, http:\/\/www.forethoughtmed.com\/wp-content\/uploads\/2024\/11\/pic59-1400x778.jpg 1400w, http:\/\/www.forethoughtmed.com\/wp-content\/uploads\/2024\/11\/pic59-768x427.jpg 768w, http:\/\/www.forethoughtmed.com\/wp-content\/uploads\/2024\/11\/pic59-1536x853.jpg 1536w, http:\/\/www.forethoughtmed.com\/wp-content\/uploads\/2024\/11\/pic59-18x10.jpg 18w, http:\/\/www.forethoughtmed.com\/wp-content\/uploads\/2024\/11\/pic59-1000x555.jpg 1000w, http:\/\/www.forethoughtmed.com\/wp-content\/uploads\/2024\/11\/pic59.jpg 1696w\" sizes=\"(max-width: 720px) 100vw, 720px\" \/><\/p>\n<p data-pm-slice=\"1 1 []\">A roupa interior para escoliose SC301 foi especialmente concebida para crian\u00e7as pequenas que necessitam de conforto e apoio extra enquanto usam um aparelho para escoliose. Concebida com um material de algod\u00e3o macio e respir\u00e1vel, esta roupa interior oferece um excelente conforto e elasticidade, permitindo que as crian\u00e7as se movimentem livremente sem deixarem de obter o apoio de que necessitam.<\/p>\n<p>A sua elevada elasticidade permite-lhe adaptar-se perfeitamente ao corpo da crian\u00e7a, reduzindo a irrita\u00e7\u00e3o da pele causada pela cinta. A SC301 \u00e9 uma op\u00e7\u00e3o perfeita para os pais que procuram uma solu\u00e7\u00e3o de apoio, confort\u00e1vel e elegante para crian\u00e7as pequenas que necessitam de apoio para a escoliose.<\/p>\n<p><strong>Carater\u00edsticas principais<\/strong>:<\/p>\n<ul data-spread=\"false\">\n<li><strong>Especificamente concebido para crian\u00e7as pequenas<\/strong>: Proporciona um conforto e um apoio \u00f3ptimos sob uma cinta de escoliose.<\/li>\n<li><strong>Material macio e respir\u00e1vel<\/strong>: Fabricado em algod\u00e3o macio, respir\u00e1vel e extens\u00edvel para garantir o conforto das crian\u00e7as.<\/li>\n<li><strong>Padr\u00f5es e cores divertidos<\/strong>: Dispon\u00edvel em v\u00e1rias cores e padr\u00f5es divertidos para tornar a utiliza\u00e7\u00e3o da roupa interior agrad\u00e1vel para as crian\u00e7as.<\/li>\n<li><strong>Elevada elasticidade<\/strong>: Proporciona um ajuste seguro ao mesmo tempo que permite a liberdade de movimentos, reduzindo a irrita\u00e7\u00e3o causada pelos aparelhos.<\/li>\n<\/ul>","protected":false},"excerpt":{"rendered":"<p data-pm-slice=\"1 1 []\">A roupa interior para crian\u00e7as com escoliose SC301 foi concebida para proporcionar o m\u00e1ximo conforto e apoio sob um colete para escoliose. Fabricada com um tecido macio e respir\u00e1vel e estampados divertidos, esta roupa interior ajuda as crian\u00e7as a manterem-se confort\u00e1veis, ao mesmo tempo que mant\u00e9m o apoio durante todo o dia.<\/p>","protected":false},"featured_media":6607,"comment_status":"open","ping_status":"closed","template":"","meta":[],"product_brand":[],"product_cat":[90],"product_tag":[],"class_list":{"0":"post-6586","1":"product","2":"type-product","3":"status-publish","4":"has-post-thumbnail","6":"product_cat-supporting-equipment","8":"first","9":"instock","10":"sale","11":"shipping-taxable","12":"purchasable","13":"product-type-variable"},"_links":{"self":[{"href":"http:\/\/www.forethoughtmed.com\/pt\/wp-json\/wp\/v2\/product\/6586","targetHints":{"allow":["GET"]}}],"collection":[{"href":"http:\/\/www.forethoughtmed.com\/pt\/wp-json\/wp\/v2\/product"}],"about":[{"href":"http:\/\/www.forethoughtmed.com\/pt\/wp-json\/wp\/v2\/types\/product"}],"replies":[{"embeddable":true,"href":"http:\/\/www.forethoughtmed.com\/pt\/wp-json\/wp\/v2\/comments?post=6586"}],"wp:featuredmedia":[{"embeddable":true,"href":"http:\/\/www.forethoughtmed.com\/pt\/wp-json\/wp\/v2\/media\/6607"}],"wp:attachment":[{"href":"http:\/\/www.forethoughtmed.com\/pt\/wp-json\/wp\/v2\/media?parent=6586"}],"wp:term":[{"taxonomy":"product_brand","embeddable":true,"href":"http:\/\/www.forethoughtmed.com\/pt\/wp-json\/wp\/v2\/product_brand?post=6586"},{"taxonomy":"product_cat","embeddable":true,"href":"http:\/\/www.forethoughtmed.com\/pt\/wp-json\/wp\/v2\/product_cat?post=6586"},{"taxonomy":"product_tag","embeddable":true,"href":"http:\/\/www.forethoughtmed.com\/pt\/wp-json\/wp\/v2\/product_tag?post=6586"}],"curies":[{"name":"wp","href":"https:\/\/api.w.org\/{rel}","templated":true}]}}