{"id":6583,"date":"2024-11-12T09:33:54","date_gmt":"2024-11-12T09:33:54","guid":{"rendered":"https:\/\/www.forethoughtmed.com\/?post_type=product&#038;p=6583"},"modified":"2025-06-07T01:36:52","modified_gmt":"2025-06-07T00:36:52","slug":"scoliosis-undergarment-for-kids-model-sc201","status":"publish","type":"product","link":"http:\/\/www.forethoughtmed.com\/pt\/produto\/scoliosis-undergarment-for-kids-model-sc201\/","title":{"rendered":"Roupa interior para crian\u00e7as com escoliose - Modelo SC201"},"content":{"rendered":"<p data-pm-slice=\"1 1 []\"><img decoding=\"async\" class=\"size-medium wp-image-6579 aligncenter\" src=\"http:\/\/www.forethoughtmed.com\/wp-content\/uploads\/2024\/11\/pic58-800x166.jpg\" alt=\"\" width=\"800\" height=\"166\" srcset=\"http:\/\/www.forethoughtmed.com\/wp-content\/uploads\/2024\/11\/pic58-800x166.jpg 800w, http:\/\/www.forethoughtmed.com\/wp-content\/uploads\/2024\/11\/pic58-1400x291.jpg 1400w, http:\/\/www.forethoughtmed.com\/wp-content\/uploads\/2024\/11\/pic58-768x159.jpg 768w, http:\/\/www.forethoughtmed.com\/wp-content\/uploads\/2024\/11\/pic58-1536x319.jpg 1536w, http:\/\/www.forethoughtmed.com\/wp-content\/uploads\/2024\/11\/pic58-2048x425.jpg 2048w, http:\/\/www.forethoughtmed.com\/wp-content\/uploads\/2024\/11\/pic58-18x4.jpg 18w, http:\/\/www.forethoughtmed.com\/wp-content\/uploads\/2024\/11\/pic58-1000x208.jpg 1000w\" sizes=\"(max-width: 800px) 100vw, 800px\" \/> <img decoding=\"async\" class=\"size-medium wp-image-6580 aligncenter\" src=\"http:\/\/www.forethoughtmed.com\/wp-content\/uploads\/2024\/11\/pic59-720x400.jpg\" alt=\"\" width=\"720\" height=\"400\" srcset=\"http:\/\/www.forethoughtmed.com\/wp-content\/uploads\/2024\/11\/pic59-720x400.jpg 720w, http:\/\/www.forethoughtmed.com\/wp-content\/uploads\/2024\/11\/pic59-1400x778.jpg 1400w, http:\/\/www.forethoughtmed.com\/wp-content\/uploads\/2024\/11\/pic59-768x427.jpg 768w, http:\/\/www.forethoughtmed.com\/wp-content\/uploads\/2024\/11\/pic59-1536x853.jpg 1536w, http:\/\/www.forethoughtmed.com\/wp-content\/uploads\/2024\/11\/pic59-18x10.jpg 18w, http:\/\/www.forethoughtmed.com\/wp-content\/uploads\/2024\/11\/pic59-1000x555.jpg 1000w, http:\/\/www.forethoughtmed.com\/wp-content\/uploads\/2024\/11\/pic59.jpg 1696w\" sizes=\"(max-width: 720px) 100vw, 720px\" \/><\/p>\n<p data-pm-slice=\"1 1 []\">A roupa interior para crian\u00e7as com escoliose SC201 foi concebida para satisfazer as necessidades das crian\u00e7as que necessitam de apoio adicional por baixo da cinta para escoliose. Fabricada em algod\u00e3o de alta qualidade, \u00e9 ultra-suave, respir\u00e1vel e extens\u00edvel, garantindo o m\u00e1ximo conforto durante a utiliza\u00e7\u00e3o do colete. Dispon\u00edvel numa gama de estampados e cores divertidas, esta roupa interior acrescenta um toque de brincadeira, tornando-a mais apelativa para os jovens utilizadores.<\/p>\n<p>Quer seja usado por baixo de uma cinta de escoliose ou simplesmente como um acess\u00f3rio de apoio, o SC201 oferece uma excelente solu\u00e7\u00e3o para crian\u00e7as que necessitam de conforto e apoio di\u00e1rios. Os padr\u00f5es coloridos e as op\u00e7\u00f5es de estilo tamb\u00e9m fazem com que seja uma escolha agrad\u00e1vel para as crian\u00e7as, melhorando a sua experi\u00eancia.<\/p>\n<p><strong>Carater\u00edsticas principais<\/strong>:<\/p>\n<ul data-spread=\"false\">\n<li><strong>Concebido para os aparelhos de escoliose<\/strong>: Ideal para usar debaixo de uma cinta de escoliose para evitar o desconforto e a irrita\u00e7\u00e3o da pele.<\/li>\n<li><strong>Material de algod\u00e3o macio<\/strong>: Fabricado em algod\u00e3o macio, respir\u00e1vel e extens\u00edvel para garantir conforto e apoio.<\/li>\n<li><strong>Elevada elasticidade<\/strong>: Proporciona um ajuste seguro, mantendo a flexibilidade e o conforto das crian\u00e7as ao longo do dia.<\/li>\n<li><strong>Padr\u00f5es e cores divertidos<\/strong>: Dispon\u00edvel em v\u00e1rias cores e estampados para tornar a utiliza\u00e7\u00e3o da roupa interior agrad\u00e1vel para as crian\u00e7as.<\/li>\n<li><strong>V\u00e1rios tamanhos dispon\u00edveis<\/strong>: Adequado para v\u00e1rios tipos de corpo, garantindo o melhor ajuste para cada crian\u00e7a.<\/li>\n<\/ul>","protected":false},"excerpt":{"rendered":"<p data-pm-slice=\"1 1 []\">A roupa interior para escoliose SC201 foi concebida especificamente para crian\u00e7as, proporcionando conforto e apoio extra sob um colete para escoliose. Fabricada em algod\u00e3o macio e respir\u00e1vel, garante conforto durante todo o dia, com padr\u00f5es e cores divertidos que as crian\u00e7as v\u00e3o adorar.<\/p>","protected":false},"featured_media":6596,"comment_status":"open","ping_status":"closed","template":"","meta":[],"product_brand":[],"product_cat":[90],"product_tag":[],"class_list":{"0":"post-6583","1":"product","2":"type-product","3":"status-publish","4":"has-post-thumbnail","6":"product_cat-supporting-equipment","8":"first","9":"instock","10":"shipping-taxable","11":"purchasable","12":"product-type-variable"},"_links":{"self":[{"href":"http:\/\/www.forethoughtmed.com\/pt\/wp-json\/wp\/v2\/product\/6583","targetHints":{"allow":["GET"]}}],"collection":[{"href":"http:\/\/www.forethoughtmed.com\/pt\/wp-json\/wp\/v2\/product"}],"about":[{"href":"http:\/\/www.forethoughtmed.com\/pt\/wp-json\/wp\/v2\/types\/product"}],"replies":[{"embeddable":true,"href":"http:\/\/www.forethoughtmed.com\/pt\/wp-json\/wp\/v2\/comments?post=6583"}],"wp:featuredmedia":[{"embeddable":true,"href":"http:\/\/www.forethoughtmed.com\/pt\/wp-json\/wp\/v2\/media\/6596"}],"wp:attachment":[{"href":"http:\/\/www.forethoughtmed.com\/pt\/wp-json\/wp\/v2\/media?parent=6583"}],"wp:term":[{"taxonomy":"product_brand","embeddable":true,"href":"http:\/\/www.forethoughtmed.com\/pt\/wp-json\/wp\/v2\/product_brand?post=6583"},{"taxonomy":"product_cat","embeddable":true,"href":"http:\/\/www.forethoughtmed.com\/pt\/wp-json\/wp\/v2\/product_cat?post=6583"},{"taxonomy":"product_tag","embeddable":true,"href":"http:\/\/www.forethoughtmed.com\/pt\/wp-json\/wp\/v2\/product_tag?post=6583"}],"curies":[{"name":"wp","href":"https:\/\/api.w.org\/{rel}","templated":true}]}}