{"id":6230,"date":"2024-10-23T10:50:34","date_gmt":"2024-10-23T09:50:34","guid":{"rendered":"https:\/\/www.forethoughtmed.com\/?post_type=product&#038;p=6230"},"modified":"2025-03-24T09:34:02","modified_gmt":"2025-03-24T09:34:02","slug":"sapling-back-braceposture-correction-belt","status":"publish","type":"product","link":"http:\/\/www.forethoughtmed.com\/pt\/produto\/sapling-back-braceposture-correction-belt\/","title":{"rendered":"Cinta de costas Sapling (cinto de corre\u00e7\u00e3o da postura)"},"content":{"rendered":"<div class=\"flex-shrink-0 flex flex-col relative items-end\">\n<div>\n<div class=\"pt-0\">\n<div class=\"gizmo-bot-avatar flex h-8 w-8 items-center justify-center overflow-hidden rounded-full\">\n<div class=\"relative p-1 rounded-sm flex items-center justify-center bg-token-main-surface-primary text-token-text-primary h-8 w-8\"><\/div>\n<\/div>\n<\/div>\n<\/div>\n<\/div>\n<div class=\"group\/conversation-turn relative flex w-full min-w-0 flex-col agent-turn\">\n<div class=\"flex-col gap-1 md:gap-3\">\n<div class=\"flex max-w-full flex-col flex-grow\">\n<div class=\"min-h-8 text-message flex w-full flex-col items-end gap-2 whitespace-normal break-words [.text-message+&amp;]:mt-5\" dir=\"auto\" data-message-author-role=\"assistant\" data-message-id=\"0cf6315d-e72c-4ae6-9e3f-286c168f54ad\" data-message-model-slug=\"gpt-4o-canmore\">\n<div class=\"flex w-full flex-col gap-1 empty:hidden first:pt-[3px]\">\n<div class=\"markdown prose w-full break-words dark:prose-invert light\">\n<p>A cinta para as costas Sapling (cinto de corre\u00e7\u00e3o da postura) - Modelo XS-201H \u00e9 uma solu\u00e7\u00e3o essencial para quem procura al\u00edvio para a ci\u00e1tica, h\u00e9rnias discais ou escoliose. Fabricada com tecido de infravermelhos distantes de alta qualidade, esta cinta para as costas \u00e9 respir\u00e1vel e oferece um apoio lombar direcionado, garantindo conforto durante todo o dia. A sua cor cinzenta elegante \u00e9 vers\u00e1til, tornando-a adequada para utiliza\u00e7\u00e3o em casa e no escrit\u00f3rio. O produto est\u00e1 dispon\u00edvel para todos os utilizadores e possui tiras ajust\u00e1veis para um ajuste seguro. A quantidade m\u00ednima de encomenda \u00e9 de apenas 1 pe\u00e7a, com um prazo de entrega de 3-5 dias. Est\u00e3o dispon\u00edveis op\u00e7\u00f5es personalizadas de log\u00f3tipos, embalagens e padr\u00f5es para encomendas de 1000 pe\u00e7as ou mais. A amostra est\u00e1 dispon\u00edvel em $25 e mede 32,5 cm x 22 cm x 6 cm, pesando 250 g.<\/p>\n<p><strong>Carater\u00edsticas principais:<\/strong><\/p>\n<ul>\n<li>Tecido de infravermelhos distantes para um conforto superior<\/li>\n<li>Al\u00edvio eficaz da ci\u00e1tica, h\u00e9rnias discais e escoliose<\/li>\n<li>Material respir\u00e1vel para uma utiliza\u00e7\u00e3o durante todo o dia<\/li>\n<li>Design ajust\u00e1vel para um apoio lombar personalizado<\/li>\n<li>Encomenda m\u00ednima: 1 pe\u00e7a<\/li>\n<li>Entrega r\u00e1pida no prazo de 3-5 dias<\/li>\n<li>Op\u00e7\u00f5es de log\u00f3tipo, embalagem e padr\u00e3o personalizados dispon\u00edveis para encomendas a granel (1000 pe\u00e7as ou mais)<\/li>\n<\/ul>\n<p>Perfeito para quem procura melhorar a sua postura, aliviar as dores de costas e melhorar a sa\u00fade geral da coluna vertebral.<\/p>\n<\/div>\n<\/div>\n<\/div>\n<\/div>\n<\/div>\n<\/div>","protected":false},"excerpt":{"rendered":"<p>Sapling Back Brace (Posture Correction Belt) &#8211; Model XS-201H, made with far infrared fabric, is designed to provide lumbar support and help relieve sciatica, herniated discs, and scoliosis-related pain.<\/p>\n<p>The breathable material ensures comfort for extended wear, while the sleek grey design offers a subtle, stylish look to improve your posture and provide reliable back support.<\/p>","protected":false},"featured_media":6239,"comment_status":"open","ping_status":"closed","template":"","meta":[],"product_brand":[],"product_cat":[90],"product_tag":[],"class_list":{"0":"post-6230","1":"product","2":"type-product","3":"status-publish","4":"has-post-thumbnail","6":"product_cat-supporting-equipment","8":"first","9":"instock","10":"shipping-taxable","11":"purchasable","12":"product-type-variable"},"_links":{"self":[{"href":"http:\/\/www.forethoughtmed.com\/pt\/wp-json\/wp\/v2\/product\/6230","targetHints":{"allow":["GET"]}}],"collection":[{"href":"http:\/\/www.forethoughtmed.com\/pt\/wp-json\/wp\/v2\/product"}],"about":[{"href":"http:\/\/www.forethoughtmed.com\/pt\/wp-json\/wp\/v2\/types\/product"}],"replies":[{"embeddable":true,"href":"http:\/\/www.forethoughtmed.com\/pt\/wp-json\/wp\/v2\/comments?post=6230"}],"wp:featuredmedia":[{"embeddable":true,"href":"http:\/\/www.forethoughtmed.com\/pt\/wp-json\/wp\/v2\/media\/6239"}],"wp:attachment":[{"href":"http:\/\/www.forethoughtmed.com\/pt\/wp-json\/wp\/v2\/media?parent=6230"}],"wp:term":[{"taxonomy":"product_brand","embeddable":true,"href":"http:\/\/www.forethoughtmed.com\/pt\/wp-json\/wp\/v2\/product_brand?post=6230"},{"taxonomy":"product_cat","embeddable":true,"href":"http:\/\/www.forethoughtmed.com\/pt\/wp-json\/wp\/v2\/product_cat?post=6230"},{"taxonomy":"product_tag","embeddable":true,"href":"http:\/\/www.forethoughtmed.com\/pt\/wp-json\/wp\/v2\/product_tag?post=6230"}],"curies":[{"name":"wp","href":"https:\/\/api.w.org\/{rel}","templated":true}]}}