{"id":7337,"date":"2025-04-03T07:47:17","date_gmt":"2025-04-03T06:47:17","guid":{"rendered":"https:\/\/www.forethoughtmed.com\/?post_type=product&#038;p=7337"},"modified":"2025-06-07T18:46:31","modified_gmt":"2025-06-07T17:46:31","slug":"premium-ergonomic-pillow","status":"publish","type":"product","link":"http:\/\/www.forethoughtmed.com\/fr\/produit\/premium-ergonomic-pillow\/","title":{"rendered":"Oreiller cervical en mousse \u00e0 m\u00e9moire de forme, oreiller ergonomique de premi\u00e8re qualit\u00e9"},"content":{"rendered":"<div id=\"text-1485264046\" class=\"text\">\n\t\t\n<h2>Experience Ultimate Comfort<\/h2>\n<p>Designed for optimal neck and spine alignment, our memory foam cervical pillow offers the perfect balance of support and comfort. This pillow is crafted to relieve neck pain, reduce stiffness, and promote restful sleep. The pillow desing provides superior support for side, back, and stomach sleepers, ensuring proper posture throughtout the night. Made wtih high-quality memory foam, it adapts to your unique shape while maintaining its firmness and durability. Say goodbye to restless nights and wake up feeling refreshed with the perfect pillow for neck and spine health!<\/p>\n\t\t\n<style>\n#text-1485264046 {\n  text-align: center;\n}\n<\/style>\n\t<\/div>\n\t\n<div class=\"slider-wrapper relative\" id=\"slider-826659671\" >\n    <div class=\"slider slider-nav-circle slider-nav-large slider-nav-light slider-style-normal\"\n        data-flickity-options='{            \"cellAlign\": \"center\",            \"imagesLoaded\": true,            \"lazyLoad\": 1,            \"freeScroll\": false,            \"wrapAround\": true,            \"autoPlay\": 6000,            \"pauseAutoPlayOnHover\" : true,            \"prevNextButtons\": true,            \"contain\" : true,            \"adaptiveHeight\" : true,            \"dragThreshold\" : 10,            \"percentPosition\": true,            \"pageDots\": true,            \"rightToLeft\": false,            \"draggable\": true,            \"selectedAttraction\": 0.1,            \"parallax\" : 0,            \"friction\": 0.6        }'\n        >\n        \n\t<div class=\"img has-hover x md-x lg-x y md-y lg-y\" id=\"image_337540074\">\n\t\t<a class=\"\" href=\"https:\/\/www.forethoughtmed.com\/fr\/produit\/premium-ergonomic-pillow\/\" target=\"_blank\" rel=\"noopener\" >\t\t\t\t\t\t<div class=\"img-inner dark\" >\n\t\t\t<img decoding=\"async\" width=\"1020\" height=\"416\" src=\"http:\/\/www.forethoughtmed.com\/wp-content\/uploads\/2025\/04\/44-1400x571.png\" class=\"attachment-large size-large\" alt=\"\" srcset=\"http:\/\/www.forethoughtmed.com\/wp-content\/uploads\/2025\/04\/44-1400x571.png 1400w, http:\/\/www.forethoughtmed.com\/wp-content\/uploads\/2025\/04\/44-800x326.png 800w, http:\/\/www.forethoughtmed.com\/wp-content\/uploads\/2025\/04\/44-768x313.png 768w, http:\/\/www.forethoughtmed.com\/wp-content\/uploads\/2025\/04\/44-1536x626.png 1536w, http:\/\/www.forethoughtmed.com\/wp-content\/uploads\/2025\/04\/44-2048x835.png 2048w, http:\/\/www.forethoughtmed.com\/wp-content\/uploads\/2025\/04\/44-18x7.png 18w, http:\/\/www.forethoughtmed.com\/wp-content\/uploads\/2025\/04\/44-1320x538.png 1320w, http:\/\/www.forethoughtmed.com\/wp-content\/uploads\/2025\/04\/44-1000x408.png 1000w\" sizes=\"(max-width: 1020px) 100vw, 1020px\" \/>\t\t\t\t\t\t\n\t\t\t\t\t<\/div>\n\t\t\t\t\t\t<\/a>\t\t\n<style>\n#image_337540074 {\n  width: 100%;\n}\n<\/style>\n\t<\/div>\n\t\n     <\/div>\n\n     <div class=\"loading-spin dark large centered\"><\/div>\n\n\t<\/div>\n\n\n\n\t<section class=\"section\" id=\"section_2048949053\">\n\t\t<div class=\"section-bg fill\" >\n\t\t\t\t\t\t\t\t\t<div class=\"section-bg-overlay absolute fill\"><\/div>\n\t\t\t\n\n\t\t<\/div>\n\n\t\t\n\n\t\t<div class=\"section-content relative\">\n\t\t\t\n<div class=\"row row-large align-middle\"  id=\"row-486166102\">\n\n\t<div id=\"col-95348963\" class=\"col medium-6 small-12 large-6\"  >\n\t\t\t\t<div class=\"col-inner text-left\"  >\n\t\t\t\n\t\t\t\n\t<div id=\"text-2393941517\" class=\"text\">\n\t\t\n<h2>Superior Comfort<\/h2>\n<p>Our memory form cervial pillow is crafted from high-density, slow-rebound memory foam that adapts to your head,neck, and shoulders for personalized support.This material maintains its shape and firmness, ensuring long-lasting comfort without flattening over time. The breathable, hypoallergenic cover enhances airflow, keeping you cool and comfortable throughout the night.<\/p>\n\t\t\n<style>\n#text-2393941517 {\n  text-align: center;\n}\n<\/style>\n\t<\/div>\n\t\n\t\t<\/div>\n\t\t\t\t\t<\/div>\n\n\t\n\n\t<div id=\"col-139495992\" class=\"col medium-6 small-12 large-6\"  >\n\t\t\t\t<div class=\"col-inner\"  >\n\t\t\t\n\t\t\t\n\t<div class=\"img has-hover x md-x lg-x y md-y lg-y\" id=\"image_1755639256\">\n\t\t\t\t\t\t\t\t<div class=\"img-inner dark\" >\n\t\t\t<img decoding=\"async\" width=\"795\" height=\"800\" src=\"http:\/\/www.forethoughtmed.com\/wp-content\/uploads\/2025\/04\/1-795x800.png\" class=\"attachment-large size-large\" alt=\"\" srcset=\"http:\/\/www.forethoughtmed.com\/wp-content\/uploads\/2025\/04\/1-795x800.png 795w, http:\/\/www.forethoughtmed.com\/wp-content\/uploads\/2025\/04\/1-398x400.png 398w, http:\/\/www.forethoughtmed.com\/wp-content\/uploads\/2025\/04\/1-768x773.png 768w, http:\/\/www.forethoughtmed.com\/wp-content\/uploads\/2025\/04\/1-12x12.png 12w, http:\/\/www.forethoughtmed.com\/wp-content\/uploads\/2025\/04\/1-100x100.png 100w, http:\/\/www.forethoughtmed.com\/wp-content\/uploads\/2025\/04\/1.png 798w\" sizes=\"(max-width: 795px) 100vw, 795px\" \/>\t\t\t\t\t\t\n\t\t\t\t\t<\/div>\n\t\t\t\t\t\t\t\t\n<style>\n#image_1755639256 {\n  width: 100%;\n}\n<\/style>\n\t<\/div>\n\t\n\t\t<\/div>\n\t\t\t\t\t<\/div>\n\n\t\n<\/div>\n\t\t<\/div>\n\n\t\t\n<style>\n#section_2048949053 {\n  padding-top: 60px;\n  padding-bottom: 60px;\n  background-color: rgb(193, 193, 193);\n}\n#section_2048949053 .section-bg-overlay {\n  background-color: rgba(255, 255, 255, 0.85);\n}\n<\/style>\n\t<\/section>\n\t\n\n\t<section class=\"section\" id=\"section_555275645\">\n\t\t<div class=\"section-bg fill\" >\n\t\t\t\t\t\t\t\t\t<div class=\"section-bg-overlay absolute fill\"><\/div>\n\t\t\t\n\n\t\t<\/div>\n\n\t\t\n\n\t\t<div class=\"section-content relative\">\n\t\t\t\n<div class=\"row row-large align-middle\"  id=\"row-1671558907\">\n\n\t<div id=\"col-1350123884\" class=\"col medium-6 small-12 large-6\"  >\n\t\t\t\t<div class=\"col-inner\"  >\n\t\t\t\n\t\t\t\n\t<div class=\"img has-hover x md-x lg-x y md-y lg-y\" id=\"image_1530759641\">\n\t\t\t\t\t\t\t\t<div class=\"img-inner dark\" >\n\t\t\t<img decoding=\"async\" width=\"778\" height=\"792\" src=\"http:\/\/www.forethoughtmed.com\/wp-content\/uploads\/2025\/04\/222.png\" class=\"attachment-large size-large\" alt=\"\" srcset=\"http:\/\/www.forethoughtmed.com\/wp-content\/uploads\/2025\/04\/222.png 778w, http:\/\/www.forethoughtmed.com\/wp-content\/uploads\/2025\/04\/222-393x400.png 393w, http:\/\/www.forethoughtmed.com\/wp-content\/uploads\/2025\/04\/222-768x782.png 768w, http:\/\/www.forethoughtmed.com\/wp-content\/uploads\/2025\/04\/222-12x12.png 12w\" sizes=\"(max-width: 778px) 100vw, 778px\" \/>\t\t\t\t\t\t\n\t\t\t\t\t<\/div>\n\t\t\t\t\t\t\t\t\n<style>\n#image_1530759641 {\n  width: 100%;\n}\n<\/style>\n\t<\/div>\n\t\n\t\t<\/div>\n\t\t\t\t\t<\/div>\n\n\t\n\n\t<div id=\"col-28991068\" class=\"col medium-6 small-12 large-6\"  >\n\t\t\t\t<div class=\"col-inner text-left\"  >\n\t\t\t\n\t\t\t\n\t<div id=\"text-3612353703\" class=\"text\">\n\t\t\n<h2>Orthopedic Design<\/h2>\n<p>Engineered for proper spinal alignment, this ergonomic contour orthopedic pillow features a contoured shape that cradles the natural curve of your neck. The unique dual-height design allows you to choose between two levels of support, catering to your individual comfort needs.<\/p>\n\t\t\n<style>\n#text-3612353703 {\n  text-align: center;\n}\n<\/style>\n\t<\/div>\n\t\n\t\t<\/div>\n\t\t\t\t\t<\/div>\n\n\t\n<\/div>\n\t\t<\/div>\n\n\t\t\n<style>\n#section_555275645 {\n  padding-top: 60px;\n  padding-bottom: 60px;\n  background-color: rgb(193, 193, 193);\n}\n#section_555275645 .section-bg-overlay {\n  background-color: rgba(255, 255, 255, 0.85);\n}\n<\/style>\n\t<\/section>\n\t\n<div class=\"slider-wrapper relative\" id=\"slider-249050638\" >\n    <div class=\"slider slider-nav-circle slider-nav-large slider-nav-light slider-style-normal\"\n        data-flickity-options='{            \"cellAlign\": \"center\",            \"imagesLoaded\": true,            \"lazyLoad\": 1,            \"freeScroll\": false,            \"wrapAround\": true,            \"autoPlay\": 6000,            \"pauseAutoPlayOnHover\" : true,            \"prevNextButtons\": true,            \"contain\" : true,            \"adaptiveHeight\" : true,            \"dragThreshold\" : 10,            \"percentPosition\": true,            \"pageDots\": true,            \"rightToLeft\": false,            \"draggable\": true,            \"selectedAttraction\": 0.1,            \"parallax\" : 0,            \"friction\": 0.6        }'\n        >\n        \n\t<div class=\"img has-hover x md-x lg-x y md-y lg-y\" id=\"image_554566612\">\n\t\t<a class=\"\" href=\"https:\/\/www.forethoughtmed.com\/fr\/produit\/premium-ergonomic-pillow\/\" target=\"_blank\" rel=\"noopener\" >\t\t\t\t\t\t<div class=\"img-inner dark\" >\n\t\t\t<img decoding=\"async\" width=\"1020\" height=\"347\" src=\"http:\/\/www.forethoughtmed.com\/wp-content\/uploads\/2025\/04\/33-1400x476.png\" class=\"attachment-large size-large\" alt=\"\" srcset=\"http:\/\/www.forethoughtmed.com\/wp-content\/uploads\/2025\/04\/33-1400x476.png 1400w, http:\/\/www.forethoughtmed.com\/wp-content\/uploads\/2025\/04\/33-800x272.png 800w, http:\/\/www.forethoughtmed.com\/wp-content\/uploads\/2025\/04\/33-768x261.png 768w, http:\/\/www.forethoughtmed.com\/wp-content\/uploads\/2025\/04\/33-1536x523.png 1536w, http:\/\/www.forethoughtmed.com\/wp-content\/uploads\/2025\/04\/33-2048x697.png 2048w, http:\/\/www.forethoughtmed.com\/wp-content\/uploads\/2025\/04\/33-18x6.png 18w, http:\/\/www.forethoughtmed.com\/wp-content\/uploads\/2025\/04\/33-1320x449.png 1320w, http:\/\/www.forethoughtmed.com\/wp-content\/uploads\/2025\/04\/33-1000x340.png 1000w\" sizes=\"(max-width: 1020px) 100vw, 1020px\" \/>\t\t\t\t\t\t\n\t\t\t\t\t<\/div>\n\t\t\t\t\t\t<\/a>\t\t\n<style>\n#image_554566612 {\n  width: 100%;\n}\n<\/style>\n\t<\/div>\n\t\n     <\/div>\n\n     <div class=\"loading-spin dark large centered\"><\/div>\n\n\t<\/div>\n\n\n\t<div id=\"gap-1553940476\" class=\"gap-element clearfix\" style=\"display:block; height:auto;\">\n\t\t\n<style>\n#gap-1553940476 {\n  padding-top: 30px;\n}\n<\/style>\n\t<\/div>\n\t\n\n\t<section class=\"section\" id=\"section_1754409204\">\n\t\t<div class=\"section-bg fill\" >\n\t\t\t\t\t\t\t\t\t\n\t\t\t\n\t<div class=\"is-border\"\n\t\tstyle=\"border-color:rgb(235, 235, 235);border-width:1px 0px 0px 0px;\">\n\t<\/div>\n\n\t\t<\/div>\n\n\t\t\n\n\t\t<div class=\"section-content relative\">\n\t\t\t\n<div class=\"row row-large align-middle align-center\"  id=\"row-1086160236\">\n\n\t<div id=\"col-1222444251\" class=\"col medium-6 small-12 large-6\"  >\n\t\t\t\t<div class=\"col-inner box-shadow-2 box-shadow-5-hover\" style=\"background-color:rgb(255, 255, 255);\" >\n\t\t\t\n\t\t\t\n\t<div class=\"img has-hover x md-x lg-x y md-y lg-y\" id=\"image_1048655571\">\n\t\t\t\t\t\t\t\t<div class=\"img-inner dark\" >\n\t\t\t<img decoding=\"async\" width=\"806\" height=\"800\" src=\"http:\/\/www.forethoughtmed.com\/wp-content\/uploads\/2025\/04\/55-806x800.png\" class=\"attachment-large size-large\" alt=\"\" srcset=\"http:\/\/www.forethoughtmed.com\/wp-content\/uploads\/2025\/04\/55-806x800.png 806w, http:\/\/www.forethoughtmed.com\/wp-content\/uploads\/2025\/04\/55-403x400.png 403w, http:\/\/www.forethoughtmed.com\/wp-content\/uploads\/2025\/04\/55-768x762.png 768w, http:\/\/www.forethoughtmed.com\/wp-content\/uploads\/2025\/04\/55-12x12.png 12w, http:\/\/www.forethoughtmed.com\/wp-content\/uploads\/2025\/04\/55-100x100.png 100w, http:\/\/www.forethoughtmed.com\/wp-content\/uploads\/2025\/04\/55.png 888w\" sizes=\"(max-width: 806px) 100vw, 806px\" \/>\t\t\t\t\t\t\n\t\t\t\t\t<\/div>\n\t\t\t\t\t\t\t\t\n<style>\n#image_1048655571 {\n  width: 100%;\n}\n<\/style>\n\t<\/div>\n\t\n\t\t<\/div>\n\t\t\t\t\n<style>\n#col-1222444251 > .col-inner {\n  padding: 15px 15px 15px 15px;\n}\n<\/style>\n\t<\/div>\n\n\t\n\n\t<div id=\"col-776121002\" class=\"col medium-6 small-12 large-6\"  >\n\t\t\t\t<div class=\"col-inner text-center\"  >\n\t\t\t\n\t\t\t\n<h2>Wake Up Without Neck Pain !<\/h2>\n<p>92% of buyers said they would recommend this pillow to friends and family for better comfort and support.<\/p>\n<p>95% of users reported reduced neck pain after switching to our memory foam cervical pillow.<\/p>\n<p>90% of customers experienced improved sleep quality and better spinal alignment.<\/p>\n\t\t<\/div>\n\t\t\t\t\t<\/div>\n\n\t\n<\/div>\n\t\t<\/div>\n\n\t\t\n<style>\n#section_1754409204 {\n  padding-top: 59px;\n  padding-bottom: 59px;\n  min-height: 300px;\n  background-color: rgb(240, 240, 240);\n}\n<\/style>\n\t<\/section>\n\t\n\t<div id=\"gap-439990712\" class=\"gap-element clearfix\" style=\"display:block; height:auto;\">\n\t\t\n<style>\n#gap-439990712 {\n  padding-top: 30px;\n}\n<\/style>\n\t<\/div>\n\t\n<div class=\"container section-title-container\" ><h3 class=\"section-title section-title-center\"><b><\/b><span class=\"section-title-main\" style=\"font-size:118%;\">FAQ<\/span><b><\/b><\/h3><\/div>\n<div class=\"accordion\">\n\t<div id=\"accordion-3013852262\" class=\"accordion-item\">\n\t\t<a id=\"accordion-3013852262-label\" class=\"accordion-title plain\" href=\"#accordion-item-is-the-pillow-suitable-for-all-sleep-positions?\" aria-expanded=\"false\" aria-controls=\"accordion-3013852262-content\" >\n\t\t\t<button class=\"toggle\" aria-label=\"Basculer\"><i class=\"icon-angle-down\"><\/i><\/button>\n\t\t\t<span>Is the pillow suitable for all sleep positions?<\/span>\n\t\t<\/a>\n\t\t<div id=\"accordion-3013852262-content\" class=\"accordion-inner\" aria-labelledby=\"accordion-3013852262-label\" >\n\t\t\t\n<p>Yes, this memory foam pillow is designed to fit side, back, and stomach sleepers.<\/p>\n\t\t<\/div>\n\t<\/div>\n\t\n\t<div id=\"accordion-412614227\" class=\"accordion-item\">\n\t\t<a id=\"accordion-412614227-label\" class=\"accordion-title plain\" href=\"#accordion-item-is-the-foam-hypoallergenic?\" aria-expanded=\"false\" aria-controls=\"accordion-412614227-content\" >\n\t\t\t<button class=\"toggle\" aria-label=\"Basculer\"><i class=\"icon-angle-down\"><\/i><\/button>\n\t\t\t<span>Is the foam hypoallergenic?<\/span>\n\t\t<\/a>\n\t\t<div id=\"accordion-412614227-content\" class=\"accordion-inner\" aria-labelledby=\"accordion-412614227-label\" >\n\t\t\t\n<p>Yes, our memory foam is CertiPUR-US certified and Oeko-Tex approved, free of harmful substances.<\/p>\n\t\t<\/div>\n\t<\/div>\n\t\n\t<div id=\"accordion-3314442503\" class=\"accordion-item\">\n\t\t<a id=\"accordion-3314442503-label\" class=\"accordion-title plain\" href=\"#accordion-item-how-do-i-adjust-the-pillow-height?\" aria-expanded=\"false\" aria-controls=\"accordion-3314442503-content\" >\n\t\t\t<button class=\"toggle\" aria-label=\"Basculer\"><i class=\"icon-angle-down\"><\/i><\/button>\n\t\t\t<span>How do I adjust the pillow height?<\/span>\n\t\t<\/a>\n\t\t<div id=\"accordion-3314442503-content\" class=\"accordion-inner\" aria-labelledby=\"accordion-3314442503-label\" >\n\t\t\t\n<p>Simply rotate the pillow for personalized comfort. The memory foam pillow has different heights in each side! This helps accommodate different neck and shoulder shapes for personalized comfort and optimal support.<\/p>\n\t\t<\/div>\n\t<\/div>\n\t\n\t<div id=\"accordion-2074776887\" class=\"accordion-item\">\n\t\t<a id=\"accordion-2074776887-label\" class=\"accordion-title plain\" href=\"#accordion-item-do-i-need-any-special-pillow-cover?\" aria-expanded=\"false\" aria-controls=\"accordion-2074776887-content\" >\n\t\t\t<button class=\"toggle\" aria-label=\"Basculer\"><i class=\"icon-angle-down\"><\/i><\/button>\n\t\t\t<span>Do I need any special pillow cover?<\/span>\n\t\t<\/a>\n\t\t<div id=\"accordion-2074776887-content\" class=\"accordion-inner\" aria-labelledby=\"accordion-2074776887-label\" >\n\t\t\t\n<p>No, you don&#8217;t need any special pillow cover.<\/p>\n\t\t<\/div>\n\t<\/div>\n\t\n\t<div id=\"accordion-147505486\" class=\"accordion-item\">\n\t\t<a id=\"accordion-147505486-label\" class=\"accordion-title plain\" href=\"#accordion-item-can-i-wash-the-pillow-cover?\" aria-expanded=\"false\" aria-controls=\"accordion-147505486-content\" >\n\t\t\t<button class=\"toggle\" aria-label=\"Basculer\"><i class=\"icon-angle-down\"><\/i><\/button>\n\t\t\t<span>Can I wash the pillow cover?<\/span>\n\t\t<\/a>\n\t\t<div id=\"accordion-147505486-content\" class=\"accordion-inner\" aria-labelledby=\"accordion-147505486-label\" >\n\t\t\t\n<p>Yes, the breathable cover is removable and machine washable.<\/p>\n\t\t<\/div>\n\t<\/div>\n\t\n\t<div id=\"accordion-3536110107\" class=\"accordion-item\">\n\t\t<a id=\"accordion-3536110107-label\" class=\"accordion-title plain\" href=\"#accordion-item-how-long-will-it-take-to-see-results?\" aria-expanded=\"false\" aria-controls=\"accordion-3536110107-content\" >\n\t\t\t<button class=\"toggle\" aria-label=\"Basculer\"><i class=\"icon-angle-down\"><\/i><\/button>\n\t\t\t<span>How long will it take to see results?<\/span>\n\t\t<\/a>\n\t\t<div id=\"accordion-3536110107-content\" class=\"accordion-inner\" aria-labelledby=\"accordion-3536110107-label\" >\n\t\t\t\n<p>Some users feel immediate relief, while others may take a few nights to adjust.<\/p>\n\t\t<\/div>\n\t<\/div>\n\t\n\t<div id=\"accordion-3600931640\" class=\"accordion-item\">\n\t\t<a id=\"accordion-3600931640-label\" class=\"accordion-title plain\" href=\"#accordion-item-what&#039;s-your-shipping-policy?\" aria-expanded=\"false\" aria-controls=\"accordion-3600931640-content\" >\n\t\t\t<button class=\"toggle\" aria-label=\"Basculer\"><i class=\"icon-angle-down\"><\/i><\/button>\n\t\t\t<span>What's your shipping policy?<\/span>\n\t\t<\/a>\n\t\t<div id=\"accordion-3600931640-content\" class=\"accordion-inner\" aria-labelledby=\"accordion-3600931640-label\" >\n\t\t\t\n<p>Free shipping on orders.<\/p>\n\t\t<\/div>\n\t<\/div>\n\t\n\t<div id=\"accordion-3086673393\" class=\"accordion-item\">\n\t\t<a id=\"accordion-3086673393-label\" class=\"accordion-title plain\" href=\"#accordion-item-what&#039;s-your-return-policy?\" aria-expanded=\"false\" aria-controls=\"accordion-3086673393-content\" >\n\t\t\t<button class=\"toggle\" aria-label=\"Basculer\"><i class=\"icon-angle-down\"><\/i><\/button>\n\t\t\t<span>What's your return policy?<\/span>\n\t\t<\/a>\n\t\t<div id=\"accordion-3086673393-content\" class=\"accordion-inner\" aria-labelledby=\"accordion-3086673393-label\" >\n\t\t\t\n<p>We offer a 30-day money-back guarantee. If you&#8217;re not satisfied with your purchase, simply contact us for a full refund.<\/p>\n\t\t<\/div>\n\t<\/div>\n\t\n<\/div>\n\t<div id=\"gap-526812933\" class=\"gap-element clearfix\" style=\"display:block; height:auto;\">\n\t\t\n<style>\n#gap-526812933 {\n  padding-top: 30px;\n}\n<\/style>\n\t<\/div>\n\t\n<div class=\"container section-title-container\" ><h3 class=\"section-title section-title-center\"><b><\/b><span class=\"section-title-main\" style=\"font-size:118%;\">Our Customers<\/span><b><\/b><\/h3><\/div>\n<div class=\"row\"  id=\"row-2049818820\">\n\n\t<div id=\"col-283685443\" class=\"col medium-4 small-12 large-4\"  >\n\t\t\t\t<div class=\"col-inner\"  >\n\t\t\t\n\t\t\t\n  <div class=\"icon-box testimonial-box icon-box-center text-center is-small\">\n                <div class=\"icon-box-img testimonial-image circle\" style=\"width: 121px\">\n                      <\/div>\n                <div class=\"icon-box-text p-last-0\">\n          <div class=\"star-rating\"><span style=\"width:100%\"><strong class=\"rating\"><\/strong><\/span><\/div>  \t\t\t\t<div class=\"testimonial-text line-height-small italic test_text first-reset last-reset is-italic\">\n            \n<h2>Best Pillow I&#8217;ve Ever Used<\/h2>\n<p>This pillow is a game-changer? The contour design keeps my neck properly aligned, and I sleep so much better now. No more tossing and turning. Love it!<\/p>\n          <\/div>\n          <div class=\"testimonial-meta pt-half\">\n             <strong class=\"testimonial-name test_name\"><\/strong>\n                          <span class=\"testimonial-company test_company\"><\/span>\n          <\/div>\n        <\/div>\n  <\/div>\n\n  \n\t\t<\/div>\n\t\t\t\t\t<\/div>\n\n\t\n\n\t<div id=\"col-889480627\" class=\"col medium-4 small-12 large-4\"  >\n\t\t\t\t<div class=\"col-inner\"  >\n\t\t\t\n\t\t\t\n  <div class=\"icon-box testimonial-box icon-box-center text-center is-small\">\n                <div class=\"icon-box-img testimonial-image circle\" style=\"width: 121px\">\n                      <\/div>\n                <div class=\"icon-box-text p-last-0\">\n          <div class=\"star-rating\"><span style=\"width:100%\"><strong class=\"rating\"><\/strong><\/span><\/div>  \t\t\t\t<div class=\"testimonial-text line-height-small italic test_text first-reset last-reset is-italic\">\n            \n<div class=\"e-box h-p2 -stacked -radius-none\">\n<h2>Finally, a Good Night&#8217;s Sleep!<\/h2>\n<p class=\"t-body h-my1\">I&#8217;ve struggled with neck pain for years, and this pillow has made such a difference! It provides the perfect balance of support and comfort. I wake up feeling refreshed and pain-free. Highly recommend!<\/p>\n<\/div>\n          <\/div>\n          <div class=\"testimonial-meta pt-half\">\n             <strong class=\"testimonial-name test_name\"><\/strong>\n                          <span class=\"testimonial-company test_company\"><\/span>\n          <\/div>\n        <\/div>\n  <\/div>\n\n  \n\t\t<\/div>\n\t\t\t\t\t<\/div>\n\n\t\n\n\t<div id=\"col-1699141201\" class=\"col medium-4 small-12 large-4\"  >\n\t\t\t\t<div class=\"col-inner\"  >\n\t\t\t\n\t\t\t\n  <div class=\"icon-box testimonial-box icon-box-center text-center\">\n                <div class=\"icon-box-img testimonial-image circle\" style=\"width: 121px\">\n                      <\/div>\n                <div class=\"icon-box-text p-last-0\">\n          <div class=\"star-rating\"><span style=\"width:100%\"><strong class=\"rating\"><\/strong><\/span><\/div>  \t\t\t\t<div class=\"testimonial-text line-height-small italic test_text first-reset last-reset is-italic\">\n            \n<h2>Life Changing Pillow!<\/h2>\n<p>The memory foam molds perfectly to my neck, and I no longer wake up with stiffness. Worth every penny!<\/p>\n          <\/div>\n          <div class=\"testimonial-meta pt-half\">\n             <strong class=\"testimonial-name test_name\"><\/strong>\n                          <span class=\"testimonial-company test_company\"><\/span>\n          <\/div>\n        <\/div>\n  <\/div>\n\n  \n\t\t<\/div>\n\t\t\t\t\t<\/div>\n\n\t\n<\/div>","protected":false},"excerpt":{"rendered":"","protected":false},"featured_media":7344,"comment_status":"open","ping_status":"closed","template":"","meta":[],"product_brand":[],"product_cat":[90],"product_tag":[122],"class_list":{"0":"post-7337","1":"product","2":"type-product","3":"status-publish","4":"has-post-thumbnail","6":"product_cat-supporting-equipment","7":"product_tag-pillow","9":"first","10":"instock","11":"sale","12":"shipping-taxable","13":"purchasable","14":"product-type-simple"},"_links":{"self":[{"href":"http:\/\/www.forethoughtmed.com\/fr\/wp-json\/wp\/v2\/product\/7337","targetHints":{"allow":["GET"]}}],"collection":[{"href":"http:\/\/www.forethoughtmed.com\/fr\/wp-json\/wp\/v2\/product"}],"about":[{"href":"http:\/\/www.forethoughtmed.com\/fr\/wp-json\/wp\/v2\/types\/product"}],"replies":[{"embeddable":true,"href":"http:\/\/www.forethoughtmed.com\/fr\/wp-json\/wp\/v2\/comments?post=7337"}],"wp:featuredmedia":[{"embeddable":true,"href":"http:\/\/www.forethoughtmed.com\/fr\/wp-json\/wp\/v2\/media\/7344"}],"wp:attachment":[{"href":"http:\/\/www.forethoughtmed.com\/fr\/wp-json\/wp\/v2\/media?parent=7337"}],"wp:term":[{"taxonomy":"product_brand","embeddable":true,"href":"http:\/\/www.forethoughtmed.com\/fr\/wp-json\/wp\/v2\/product_brand?post=7337"},{"taxonomy":"product_cat","embeddable":true,"href":"http:\/\/www.forethoughtmed.com\/fr\/wp-json\/wp\/v2\/product_cat?post=7337"},{"taxonomy":"product_tag","embeddable":true,"href":"http:\/\/www.forethoughtmed.com\/fr\/wp-json\/wp\/v2\/product_tag?post=7337"}],"curies":[{"name":"wp","href":"https:\/\/api.w.org\/{rel}","templated":true}]}}