{"id":6962,"date":"2025-01-07T09:33:36","date_gmt":"2025-01-07T09:33:36","guid":{"rendered":"https:\/\/www.forethoughtmed.com\/?post_type=product&#038;p=6962"},"modified":"2025-08-03T18:44:54","modified_gmt":"2025-08-03T17:44:54","slug":"sapling-spine-whale","status":"publish","type":"product","link":"http:\/\/www.forethoughtmed.com\/fr\/produit\/sapling-spine-whale\/","title":{"rendered":"\u00c9bauche de baleine \u00e0 \u00e9pines bleue"},"content":{"rendered":"<p>Scoliom\u00e8tre pour jeunes arbres<\/p>\n<p>Non radiatif, portable, compact et l\u00e9ger.<\/p>\n<p>Permet un d\u00e9pistage \u00e0 grande \u00e9chelle de la scoliose spinale \u00e0 l'\u00e9chelle d'une ville.<\/p>\n<p><img decoding=\"async\" class=\"aligncenter wp-image-6966\" src=\"http:\/\/www.forethoughtmed.com\/wp-content\/uploads\/2025\/01\/\u6d77\u5916c\u7aef\u5355\u98751.jpg\" alt=\"\" width=\"1748\" height=\"2480\" srcset=\"http:\/\/www.forethoughtmed.com\/wp-content\/uploads\/2025\/01\/\u6d77\u5916c\u7aef\u5355\u98751.jpg 1748w, http:\/\/www.forethoughtmed.com\/wp-content\/uploads\/2025\/01\/\u6d77\u5916c\u7aef\u5355\u98751-282x400.jpg 282w, http:\/\/www.forethoughtmed.com\/wp-content\/uploads\/2025\/01\/\u6d77\u5916c\u7aef\u5355\u98751-564x800.jpg 564w, http:\/\/www.forethoughtmed.com\/wp-content\/uploads\/2025\/01\/\u6d77\u5916c\u7aef\u5355\u98751-768x1090.jpg 768w, http:\/\/www.forethoughtmed.com\/wp-content\/uploads\/2025\/01\/\u6d77\u5916c\u7aef\u5355\u98751-1083x1536.jpg 1083w, http:\/\/www.forethoughtmed.com\/wp-content\/uploads\/2025\/01\/\u6d77\u5916c\u7aef\u5355\u98751-1444x2048.jpg 1444w, http:\/\/www.forethoughtmed.com\/wp-content\/uploads\/2025\/01\/\u6d77\u5916c\u7aef\u5355\u98751-8x12.jpg 8w, http:\/\/www.forethoughtmed.com\/wp-content\/uploads\/2025\/01\/\u6d77\u5916c\u7aef\u5355\u98751-1000x1419.jpg 1000w\" sizes=\"(max-width: 1748px) 100vw, 1748px\" \/><\/p>\n<div style=\"width: 1020px;\" class=\"wp-video\"><video class=\"wp-video-shortcode\" id=\"video-6962-1\" width=\"1020\" height=\"574\" autoplay preload=\"metadata\" controls=\"controls\"><source type=\"video\/mp4\" src=\"http:\/\/www.forethoughtmed.com\/wp-content\/uploads\/2025\/01\/1\u670815\u65e5-\u5c0f\u9cb8\u9c7c\u64cd\u4f5cTIPS-\u82f1\u6587\u7248.mp4?_=1\" \/><a href=\"http:\/\/www.forethoughtmed.com\/wp-content\/uploads\/2025\/01\/1\u670815\u65e5-\u5c0f\u9cb8\u9c7c\u64cd\u4f5cTIPS-\u82f1\u6587\u7248.mp4\">http:\/\/www.forethoughtmed.com\/wp-content\/uploads\/2025\/01\/1\u670815\u65e5-\u5c0f\u9cb8\u9c7c\u64cd\u4f5cTIPS-\u82f1\u6587\u7248.mp4<\/a><\/video><\/div>\n<p>&nbsp;<\/p>","protected":false},"excerpt":{"rendered":"<p>Sapling Scoliometer Nonradiative, Portable,Compact and light. Enables large-scale spinal scoliosis screening at a city-wide level. &nbsp;<\/p>","protected":false},"featured_media":6965,"comment_status":"open","ping_status":"closed","template":"","meta":[],"product_brand":[],"product_cat":[110],"product_tag":[],"class_list":{"0":"post-6962","1":"product","2":"type-product","3":"status-publish","4":"has-post-thumbnail","6":"product_cat-scoliosis-test-meter","8":"first","9":"instock","10":"sale","11":"shipping-taxable","12":"purchasable","13":"product-type-simple"},"_links":{"self":[{"href":"http:\/\/www.forethoughtmed.com\/fr\/wp-json\/wp\/v2\/product\/6962","targetHints":{"allow":["GET"]}}],"collection":[{"href":"http:\/\/www.forethoughtmed.com\/fr\/wp-json\/wp\/v2\/product"}],"about":[{"href":"http:\/\/www.forethoughtmed.com\/fr\/wp-json\/wp\/v2\/types\/product"}],"replies":[{"embeddable":true,"href":"http:\/\/www.forethoughtmed.com\/fr\/wp-json\/wp\/v2\/comments?post=6962"}],"wp:featuredmedia":[{"embeddable":true,"href":"http:\/\/www.forethoughtmed.com\/fr\/wp-json\/wp\/v2\/media\/6965"}],"wp:attachment":[{"href":"http:\/\/www.forethoughtmed.com\/fr\/wp-json\/wp\/v2\/media?parent=6962"}],"wp:term":[{"taxonomy":"product_brand","embeddable":true,"href":"http:\/\/www.forethoughtmed.com\/fr\/wp-json\/wp\/v2\/product_brand?post=6962"},{"taxonomy":"product_cat","embeddable":true,"href":"http:\/\/www.forethoughtmed.com\/fr\/wp-json\/wp\/v2\/product_cat?post=6962"},{"taxonomy":"product_tag","embeddable":true,"href":"http:\/\/www.forethoughtmed.com\/fr\/wp-json\/wp\/v2\/product_tag?post=6962"}],"curies":[{"name":"wp","href":"https:\/\/api.w.org\/{rel}","templated":true}]}}