{"id":6583,"date":"2024-11-12T09:33:54","date_gmt":"2024-11-12T09:33:54","guid":{"rendered":"https:\/\/www.forethoughtmed.com\/?post_type=product&#038;p=6583"},"modified":"2025-06-07T01:36:52","modified_gmt":"2025-06-07T00:36:52","slug":"scoliosis-undergarment-for-kids-model-sc201","status":"publish","type":"product","link":"http:\/\/www.forethoughtmed.com\/fr\/produit\/scoliosis-undergarment-for-kids-model-sc201\/","title":{"rendered":"Sous-v\u00eatement pour enfants atteints de scoliose - Mod\u00e8le SC201"},"content":{"rendered":"<p data-pm-slice=\"1 1 []\"><img decoding=\"async\" class=\"size-medium wp-image-6579 aligncenter\" src=\"http:\/\/www.forethoughtmed.com\/wp-content\/uploads\/2024\/11\/pic58-800x166.jpg\" alt=\"\" width=\"800\" height=\"166\" srcset=\"http:\/\/www.forethoughtmed.com\/wp-content\/uploads\/2024\/11\/pic58-800x166.jpg 800w, http:\/\/www.forethoughtmed.com\/wp-content\/uploads\/2024\/11\/pic58-1400x291.jpg 1400w, http:\/\/www.forethoughtmed.com\/wp-content\/uploads\/2024\/11\/pic58-768x159.jpg 768w, http:\/\/www.forethoughtmed.com\/wp-content\/uploads\/2024\/11\/pic58-1536x319.jpg 1536w, http:\/\/www.forethoughtmed.com\/wp-content\/uploads\/2024\/11\/pic58-2048x425.jpg 2048w, http:\/\/www.forethoughtmed.com\/wp-content\/uploads\/2024\/11\/pic58-18x4.jpg 18w, http:\/\/www.forethoughtmed.com\/wp-content\/uploads\/2024\/11\/pic58-1000x208.jpg 1000w\" sizes=\"(max-width: 800px) 100vw, 800px\" \/> <img decoding=\"async\" class=\"size-medium wp-image-6580 aligncenter\" src=\"http:\/\/www.forethoughtmed.com\/wp-content\/uploads\/2024\/11\/pic59-720x400.jpg\" alt=\"\" width=\"720\" height=\"400\" srcset=\"http:\/\/www.forethoughtmed.com\/wp-content\/uploads\/2024\/11\/pic59-720x400.jpg 720w, http:\/\/www.forethoughtmed.com\/wp-content\/uploads\/2024\/11\/pic59-1400x778.jpg 1400w, http:\/\/www.forethoughtmed.com\/wp-content\/uploads\/2024\/11\/pic59-768x427.jpg 768w, http:\/\/www.forethoughtmed.com\/wp-content\/uploads\/2024\/11\/pic59-1536x853.jpg 1536w, http:\/\/www.forethoughtmed.com\/wp-content\/uploads\/2024\/11\/pic59-18x10.jpg 18w, http:\/\/www.forethoughtmed.com\/wp-content\/uploads\/2024\/11\/pic59-1000x555.jpg 1000w, http:\/\/www.forethoughtmed.com\/wp-content\/uploads\/2024\/11\/pic59.jpg 1696w\" sizes=\"(max-width: 720px) 100vw, 720px\" \/><\/p>\n<p data-pm-slice=\"1 1 []\">Le sous-v\u00eatement SC201 pour enfants atteints de scoliose est con\u00e7u pour r\u00e9pondre aux besoins des enfants qui ont besoin d'un soutien suppl\u00e9mentaire sous leur orth\u00e8se de scoliose. Fabriqu\u00e9 en coton de haute qualit\u00e9, il est ultra-doux, respirant et extensible, ce qui garantit un confort maximal pendant le port de l'orth\u00e8se. Disponible dans une gamme d'imprim\u00e9s et de couleurs amusantes, ce sous-v\u00eatement ajoute une touche ludique, ce qui le rend plus attrayant pour les jeunes utilisateurs.<\/p>\n<p>Qu'il soit port\u00e9 sous une orth\u00e8se de scoliose ou simplement comme v\u00eatement de maintien, le SC201 offre une excellente solution pour les enfants qui ont besoin de confort et de soutien au quotidien. Les motifs color\u00e9s et les options \u00e9l\u00e9gantes en font \u00e9galement un choix agr\u00e9able pour les enfants, am\u00e9liorant ainsi leur exp\u00e9rience.<\/p>\n<p><strong>Caract\u00e9ristiques principales<\/strong>:<\/p>\n<ul data-spread=\"false\">\n<li><strong>Con\u00e7u pour les appareils orthop\u00e9diques de scoliose<\/strong>: Parfait pour \u00eatre port\u00e9 sous une orth\u00e8se de scoliose afin d'\u00e9viter l'inconfort et l'irritation de la peau.<\/li>\n<li><strong>Tissu de coton doux<\/strong>: Fabriqu\u00e9 en coton doux, respirant et extensible pour assurer confort et soutien.<\/li>\n<li><strong>Haute \u00e9lasticit\u00e9<\/strong>: Permet un ajustement s\u00fbr tout en maintenant la flexibilit\u00e9 et le confort pour les enfants tout au long de la journ\u00e9e.<\/li>\n<li><strong>Motifs et couleurs amusants<\/strong>: Disponible en plusieurs couleurs et imprim\u00e9s pour rendre le port du sous-v\u00eatement agr\u00e9able pour les enfants.<\/li>\n<li><strong>Plusieurs tailles disponibles<\/strong>: Convient \u00e0 diff\u00e9rents types de corps, garantissant le meilleur ajustement pour chaque enfant.<\/li>\n<\/ul>","protected":false},"excerpt":{"rendered":"<p data-pm-slice=\"1 1 []\">Le sous-v\u00eatement pour scoliose SC201 est con\u00e7u sp\u00e9cialement pour les enfants, leur offrant un confort et un soutien suppl\u00e9mentaires sous une orth\u00e8se pour scoliose. Fabriqu\u00e9 en coton doux et respirant, il assure un confort tout au long de la journ\u00e9e, avec des motifs et des couleurs amusants que les enfants adoreront.<\/p>","protected":false},"featured_media":6596,"comment_status":"open","ping_status":"closed","template":"","meta":[],"product_brand":[],"product_cat":[90],"product_tag":[],"class_list":{"0":"post-6583","1":"product","2":"type-product","3":"status-publish","4":"has-post-thumbnail","6":"product_cat-supporting-equipment","8":"first","9":"instock","10":"shipping-taxable","11":"purchasable","12":"product-type-variable"},"_links":{"self":[{"href":"http:\/\/www.forethoughtmed.com\/fr\/wp-json\/wp\/v2\/product\/6583","targetHints":{"allow":["GET"]}}],"collection":[{"href":"http:\/\/www.forethoughtmed.com\/fr\/wp-json\/wp\/v2\/product"}],"about":[{"href":"http:\/\/www.forethoughtmed.com\/fr\/wp-json\/wp\/v2\/types\/product"}],"replies":[{"embeddable":true,"href":"http:\/\/www.forethoughtmed.com\/fr\/wp-json\/wp\/v2\/comments?post=6583"}],"wp:featuredmedia":[{"embeddable":true,"href":"http:\/\/www.forethoughtmed.com\/fr\/wp-json\/wp\/v2\/media\/6596"}],"wp:attachment":[{"href":"http:\/\/www.forethoughtmed.com\/fr\/wp-json\/wp\/v2\/media?parent=6583"}],"wp:term":[{"taxonomy":"product_brand","embeddable":true,"href":"http:\/\/www.forethoughtmed.com\/fr\/wp-json\/wp\/v2\/product_brand?post=6583"},{"taxonomy":"product_cat","embeddable":true,"href":"http:\/\/www.forethoughtmed.com\/fr\/wp-json\/wp\/v2\/product_cat?post=6583"},{"taxonomy":"product_tag","embeddable":true,"href":"http:\/\/www.forethoughtmed.com\/fr\/wp-json\/wp\/v2\/product_tag?post=6583"}],"curies":[{"name":"wp","href":"https:\/\/api.w.org\/{rel}","templated":true}]}}