{"id":6259,"date":"2024-10-23T11:34:00","date_gmt":"2024-10-23T10:34:00","guid":{"rendered":"https:\/\/www.forethoughtmed.com\/?post_type=product&#038;p=6259"},"modified":"2025-04-11T03:31:08","modified_gmt":"2025-04-11T02:31:08","slug":"sapling-backpack-for-back-pain-and-support","status":"publish","type":"product","link":"http:\/\/www.forethoughtmed.com\/fr\/produit\/sapling-backpack-for-back-pain-and-support\/","title":{"rendered":"Sac \u00e0 dos Sapling pour le mal de dos et le soutien"},"content":{"rendered":"<p data-pm-slice=\"1 1 []\">Le sac \u00e0 dos Sapling pour le mal de dos et le soutien - Mod\u00e8le XS101 est sp\u00e9cialement con\u00e7u pour apporter du confort et soulager le mal de dos tout en transportant vos affaires essentielles. Fabriqu\u00e9 en PU de haute qualit\u00e9, ce sac \u00e0 dos offre un soutien ergonomique, ce qui en fait le choix id\u00e9al pour les personnes souffrant de probl\u00e8mes de dos. Disponible en rouge et en bleu, il allie fonctionnalit\u00e9 et style, ce qui vous permet de transporter vos affaires confortablement tout au long de la journ\u00e9e.<\/p>\n<p><strong>Caract\u00e9ristiques principales :<\/strong><\/p>\n<ul data-spread=\"false\">\n<li>Conception ergonomique pour soulager les douleurs dorsales et fournir un soutien efficace.<\/li>\n<li>Fabriqu\u00e9 en PU durable pour une utilisation de longue dur\u00e9e.<\/li>\n<li>Options de couleurs \u00e9l\u00e9gantes : rouge et bleu, convenant \u00e0 tous les individus.<\/li>\n<li>Dimensions g\u00e9n\u00e9reuses (37 cm x 30 cm x 20 cm) et l\u00e9g\u00e8ret\u00e9 (1,3 kg) pour un transport ais\u00e9.<\/li>\n<li>Quantit\u00e9 minimale de commande : 1 pi\u00e8ce.<\/li>\n<li>Livraison rapide dans les 3 \u00e0 5 jours.<\/li>\n<li>Possibilit\u00e9 de personnaliser le logo, l'emballage et les motifs pour les commandes en gros (\u00e0 partir de 1000 pi\u00e8ces).<\/li>\n<\/ul>\n<p>Que vous soyez en d\u00e9placement, en voyage ou au travail, le sac \u00e0 dos Sapling est le meilleur choix pour ceux qui recherchent le confort et le soutien, en particulier pour les personnes souffrant de probl\u00e8mes de dos. \u00c9chantillon disponible au $30.<\/p>","protected":false},"excerpt":{"rendered":"<p data-pm-slice=\"1 1 []\">Le sac \u00e0 dos Sapling pour le mal de dos et le soutien - Mod\u00e8le XS101 offre un design ergonomique et un mat\u00e9riau PU durable pour soulager le mal de dos tout en transportant vos affaires essentielles. Disponible en rouge et en bleu, c'est le m\u00e9lange parfait de confort et de style pour un usage quotidien.<\/p>","protected":false},"featured_media":6265,"comment_status":"open","ping_status":"closed","template":"","meta":[],"product_brand":[],"product_cat":[90],"product_tag":[],"class_list":{"0":"post-6259","1":"product","2":"type-product","3":"status-publish","4":"has-post-thumbnail","6":"product_cat-supporting-equipment","8":"first","9":"instock","10":"sale","11":"shipping-taxable","12":"purchasable","13":"product-type-variable"},"_links":{"self":[{"href":"http:\/\/www.forethoughtmed.com\/fr\/wp-json\/wp\/v2\/product\/6259","targetHints":{"allow":["GET"]}}],"collection":[{"href":"http:\/\/www.forethoughtmed.com\/fr\/wp-json\/wp\/v2\/product"}],"about":[{"href":"http:\/\/www.forethoughtmed.com\/fr\/wp-json\/wp\/v2\/types\/product"}],"replies":[{"embeddable":true,"href":"http:\/\/www.forethoughtmed.com\/fr\/wp-json\/wp\/v2\/comments?post=6259"}],"wp:featuredmedia":[{"embeddable":true,"href":"http:\/\/www.forethoughtmed.com\/fr\/wp-json\/wp\/v2\/media\/6265"}],"wp:attachment":[{"href":"http:\/\/www.forethoughtmed.com\/fr\/wp-json\/wp\/v2\/media?parent=6259"}],"wp:term":[{"taxonomy":"product_brand","embeddable":true,"href":"http:\/\/www.forethoughtmed.com\/fr\/wp-json\/wp\/v2\/product_brand?post=6259"},{"taxonomy":"product_cat","embeddable":true,"href":"http:\/\/www.forethoughtmed.com\/fr\/wp-json\/wp\/v2\/product_cat?post=6259"},{"taxonomy":"product_tag","embeddable":true,"href":"http:\/\/www.forethoughtmed.com\/fr\/wp-json\/wp\/v2\/product_tag?post=6259"}],"curies":[{"name":"wp","href":"https:\/\/api.w.org\/{rel}","templated":true}]}}