{"id":7337,"date":"2025-04-03T07:47:17","date_gmt":"2025-04-03T06:47:17","guid":{"rendered":"https:\/\/www.forethoughtmed.com\/?post_type=product&#038;p=7337"},"modified":"2025-06-07T18:46:31","modified_gmt":"2025-06-07T17:46:31","slug":"premium-ergonomic-pillow","status":"publish","type":"product","link":"http:\/\/www.forethoughtmed.com\/es\/producto\/premium-ergonomic-pillow\/","title":{"rendered":"Almohada Cervical Memory Foam,Almohada Ergon\u00f3mica Premium"},"content":{"rendered":"<div id=\"text-1795483589\" class=\"text\">\n\t\t\n<h2>Experimente la m\u00e1xima comodidad<\/h2>\n<p>Dise\u00f1ada para una alineaci\u00f3n \u00f3ptima del cuello y la columna vertebral, nuestra almohada cervical de espuma viscoel\u00e1stica ofrece el equilibrio perfecto entre soporte y comodidad. Esta almohada est\u00e1 dise\u00f1ada para aliviar el dolor de cuello, reducir la rigidez y promover un sue\u00f1o reparador. El dise\u00f1o de la almohada proporciona un apoyo superior para los que duermen de lado, boca arriba y boca abajo, asegurando una postura correcta durante toda la noche. Fabricada con espuma viscoel\u00e1stica de alta calidad, se adapta a su forma \u00fanica manteniendo su firmeza y durabilidad. Desp\u00eddase de las noches inquietas y despi\u00e9rtese sinti\u00e9ndose renovado con la almohada perfecta para la salud del cuello y la columna vertebral.<\/p>\n\t\t\n<style>\n#text-1795483589 {\n  text-align: center;\n}\n<\/style>\n\t<\/div>\n\t\n<div class=\"slider-wrapper relative\" id=\"slider-844475906\" >\n    <div class=\"slider slider-nav-circle slider-nav-large slider-nav-light slider-style-normal\"\n        data-flickity-options='{            \"cellAlign\": \"center\",            \"imagesLoaded\": true,            \"lazyLoad\": 1,            \"freeScroll\": false,            \"wrapAround\": true,            \"autoPlay\": 6000,            \"pauseAutoPlayOnHover\" : true,            \"prevNextButtons\": true,            \"contain\" : true,            \"adaptiveHeight\" : true,            \"dragThreshold\" : 10,            \"percentPosition\": true,            \"pageDots\": true,            \"rightToLeft\": false,            \"draggable\": true,            \"selectedAttraction\": 0.1,            \"parallax\" : 0,            \"friction\": 0.6        }'\n        >\n        \n\t<div class=\"img has-hover x md-x lg-x y md-y lg-y\" id=\"image_1167355604\">\n\t\t<a class=\"\" href=\"https:\/\/www.forethoughtmed.com\/es\/producto\/premium-ergonomic-pillow\/\" target=\"_blank\" rel=\"noopener\" >\t\t\t\t\t\t<div class=\"img-inner dark\" >\n\t\t\t<img decoding=\"async\" width=\"1020\" height=\"416\" src=\"http:\/\/www.forethoughtmed.com\/wp-content\/uploads\/2025\/04\/44-1400x571.png\" class=\"attachment-large size-large\" alt=\"\" srcset=\"http:\/\/www.forethoughtmed.com\/wp-content\/uploads\/2025\/04\/44-1400x571.png 1400w, http:\/\/www.forethoughtmed.com\/wp-content\/uploads\/2025\/04\/44-800x326.png 800w, http:\/\/www.forethoughtmed.com\/wp-content\/uploads\/2025\/04\/44-768x313.png 768w, http:\/\/www.forethoughtmed.com\/wp-content\/uploads\/2025\/04\/44-1536x626.png 1536w, http:\/\/www.forethoughtmed.com\/wp-content\/uploads\/2025\/04\/44-2048x835.png 2048w, http:\/\/www.forethoughtmed.com\/wp-content\/uploads\/2025\/04\/44-18x7.png 18w, http:\/\/www.forethoughtmed.com\/wp-content\/uploads\/2025\/04\/44-1320x538.png 1320w, http:\/\/www.forethoughtmed.com\/wp-content\/uploads\/2025\/04\/44-1000x408.png 1000w\" sizes=\"(max-width: 1020px) 100vw, 1020px\" \/>\t\t\t\t\t\t\n\t\t\t\t\t<\/div>\n\t\t\t\t\t\t<\/a>\t\t\n<style>\n#image_1167355604 {\n  width: 100%;\n}\n<\/style>\n\t<\/div>\n\t\n     <\/div>\n\n     <div class=\"loading-spin dark large centered\"><\/div>\n\n\t<\/div>\n\n\n\n\t<section class=\"section\" id=\"section_1820018456\">\n\t\t<div class=\"section-bg fill\" >\n\t\t\t\t\t\t\t\t\t<div class=\"section-bg-overlay absolute fill\"><\/div>\n\t\t\t\n\n\t\t<\/div>\n\n\t\t\n\n\t\t<div class=\"section-content relative\">\n\t\t\t\n<div class=\"row row-large align-middle\"  id=\"row-7964705\">\n\n\t<div id=\"col-1676993068\" class=\"col medium-6 small-12 large-6\"  >\n\t\t\t\t<div class=\"col-inner text-left\"  >\n\t\t\t\n\t\t\t\n\t<div id=\"text-2571485871\" class=\"text\">\n\t\t\n<h2>Confort superior<\/h2>\n<p>Nuestra almohada cervial con memoria de forma est\u00e1 fabricada con espuma viscoel\u00e1stica de alta densidad que se adapta a la cabeza, el cuello y los hombros para ofrecer un soporte personalizado. Este material mantiene su forma y firmeza, garantizando un confort duradero sin aplanarse con el tiempo. La funda transpirable e hipoalerg\u00e9nica mejora la circulaci\u00f3n del aire, manteni\u00e9ndole fresco y c\u00f3modo durante toda la noche.<\/p>\n\t\t\n<style>\n#text-2571485871 {\n  text-align: center;\n}\n<\/style>\n\t<\/div>\n\t\n\t\t<\/div>\n\t\t\t\t\t<\/div>\n\n\t\n\n\t<div id=\"col-1582218277\" class=\"col medium-6 small-12 large-6\"  >\n\t\t\t\t<div class=\"col-inner\"  >\n\t\t\t\n\t\t\t\n\t<div class=\"img has-hover x md-x lg-x y md-y lg-y\" id=\"image_920146501\">\n\t\t\t\t\t\t\t\t<div class=\"img-inner dark\" >\n\t\t\t<img decoding=\"async\" width=\"795\" height=\"800\" src=\"http:\/\/www.forethoughtmed.com\/wp-content\/uploads\/2025\/04\/1-795x800.png\" class=\"attachment-large size-large\" alt=\"\" srcset=\"http:\/\/www.forethoughtmed.com\/wp-content\/uploads\/2025\/04\/1-795x800.png 795w, http:\/\/www.forethoughtmed.com\/wp-content\/uploads\/2025\/04\/1-398x400.png 398w, http:\/\/www.forethoughtmed.com\/wp-content\/uploads\/2025\/04\/1-768x773.png 768w, http:\/\/www.forethoughtmed.com\/wp-content\/uploads\/2025\/04\/1-12x12.png 12w, http:\/\/www.forethoughtmed.com\/wp-content\/uploads\/2025\/04\/1-100x100.png 100w, http:\/\/www.forethoughtmed.com\/wp-content\/uploads\/2025\/04\/1.png 798w\" sizes=\"(max-width: 795px) 100vw, 795px\" \/>\t\t\t\t\t\t\n\t\t\t\t\t<\/div>\n\t\t\t\t\t\t\t\t\n<style>\n#image_920146501 {\n  width: 100%;\n}\n<\/style>\n\t<\/div>\n\t\n\t\t<\/div>\n\t\t\t\t\t<\/div>\n\n\t\n<\/div>\n\t\t<\/div>\n\n\t\t\n<style>\n#section_1820018456 {\n  padding-top: 60px;\n  padding-bottom: 60px;\n  background-color: rgb(193, 193, 193);\n}\n#section_1820018456 .section-bg-overlay {\n  background-color: rgba(255, 255, 255, 0.85);\n}\n<\/style>\n\t<\/section>\n\t\n\n\t<section class=\"section\" id=\"section_1345442816\">\n\t\t<div class=\"section-bg fill\" >\n\t\t\t\t\t\t\t\t\t<div class=\"section-bg-overlay absolute fill\"><\/div>\n\t\t\t\n\n\t\t<\/div>\n\n\t\t\n\n\t\t<div class=\"section-content relative\">\n\t\t\t\n<div class=\"row row-large align-middle\"  id=\"row-544501039\">\n\n\t<div id=\"col-766402815\" class=\"col medium-6 small-12 large-6\"  >\n\t\t\t\t<div class=\"col-inner\"  >\n\t\t\t\n\t\t\t\n\t<div class=\"img has-hover x md-x lg-x y md-y lg-y\" id=\"image_386046178\">\n\t\t\t\t\t\t\t\t<div class=\"img-inner dark\" >\n\t\t\t<img decoding=\"async\" width=\"778\" height=\"792\" src=\"http:\/\/www.forethoughtmed.com\/wp-content\/uploads\/2025\/04\/222.png\" class=\"attachment-large size-large\" alt=\"\" srcset=\"http:\/\/www.forethoughtmed.com\/wp-content\/uploads\/2025\/04\/222.png 778w, http:\/\/www.forethoughtmed.com\/wp-content\/uploads\/2025\/04\/222-393x400.png 393w, http:\/\/www.forethoughtmed.com\/wp-content\/uploads\/2025\/04\/222-768x782.png 768w, http:\/\/www.forethoughtmed.com\/wp-content\/uploads\/2025\/04\/222-12x12.png 12w\" sizes=\"(max-width: 778px) 100vw, 778px\" \/>\t\t\t\t\t\t\n\t\t\t\t\t<\/div>\n\t\t\t\t\t\t\t\t\n<style>\n#image_386046178 {\n  width: 100%;\n}\n<\/style>\n\t<\/div>\n\t\n\t\t<\/div>\n\t\t\t\t\t<\/div>\n\n\t\n\n\t<div id=\"col-1640272438\" class=\"col medium-6 small-12 large-6\"  >\n\t\t\t\t<div class=\"col-inner text-left\"  >\n\t\t\t\n\t\t\t\n\t<div id=\"text-4108997876\" class=\"text\">\n\t\t\n<h2>Dise\u00f1o ortop\u00e9dico<\/h2>\n<p>Dise\u00f1ada para una correcta alineaci\u00f3n de la columna vertebral, esta almohada ortop\u00e9dica de contorno ergon\u00f3mico presenta una forma contorneada que se adapta a la curva natural del cuello. El exclusivo dise\u00f1o de doble altura le permite elegir entre dos niveles de apoyo, atendiendo a sus necesidades individuales de comodidad.<\/p>\n\t\t\n<style>\n#text-4108997876 {\n  text-align: center;\n}\n<\/style>\n\t<\/div>\n\t\n\t\t<\/div>\n\t\t\t\t\t<\/div>\n\n\t\n<\/div>\n\t\t<\/div>\n\n\t\t\n<style>\n#section_1345442816 {\n  padding-top: 60px;\n  padding-bottom: 60px;\n  background-color: rgb(193, 193, 193);\n}\n#section_1345442816 .section-bg-overlay {\n  background-color: rgba(255, 255, 255, 0.85);\n}\n<\/style>\n\t<\/section>\n\t\n<div class=\"slider-wrapper relative\" id=\"slider-609247658\" >\n    <div class=\"slider slider-nav-circle slider-nav-large slider-nav-light slider-style-normal\"\n        data-flickity-options='{            \"cellAlign\": \"center\",            \"imagesLoaded\": true,            \"lazyLoad\": 1,            \"freeScroll\": false,            \"wrapAround\": true,            \"autoPlay\": 6000,            \"pauseAutoPlayOnHover\" : true,            \"prevNextButtons\": true,            \"contain\" : true,            \"adaptiveHeight\" : true,            \"dragThreshold\" : 10,            \"percentPosition\": true,            \"pageDots\": true,            \"rightToLeft\": false,            \"draggable\": true,            \"selectedAttraction\": 0.1,            \"parallax\" : 0,            \"friction\": 0.6        }'\n        >\n        \n\t<div class=\"img has-hover x md-x lg-x y md-y lg-y\" id=\"image_197941914\">\n\t\t<a class=\"\" href=\"https:\/\/www.forethoughtmed.com\/es\/producto\/premium-ergonomic-pillow\/\" target=\"_blank\" rel=\"noopener\" >\t\t\t\t\t\t<div class=\"img-inner dark\" >\n\t\t\t<img decoding=\"async\" width=\"1020\" height=\"347\" src=\"http:\/\/www.forethoughtmed.com\/wp-content\/uploads\/2025\/04\/33-1400x476.png\" class=\"attachment-large size-large\" alt=\"\" srcset=\"http:\/\/www.forethoughtmed.com\/wp-content\/uploads\/2025\/04\/33-1400x476.png 1400w, http:\/\/www.forethoughtmed.com\/wp-content\/uploads\/2025\/04\/33-800x272.png 800w, http:\/\/www.forethoughtmed.com\/wp-content\/uploads\/2025\/04\/33-768x261.png 768w, http:\/\/www.forethoughtmed.com\/wp-content\/uploads\/2025\/04\/33-1536x523.png 1536w, http:\/\/www.forethoughtmed.com\/wp-content\/uploads\/2025\/04\/33-2048x697.png 2048w, http:\/\/www.forethoughtmed.com\/wp-content\/uploads\/2025\/04\/33-18x6.png 18w, http:\/\/www.forethoughtmed.com\/wp-content\/uploads\/2025\/04\/33-1320x449.png 1320w, http:\/\/www.forethoughtmed.com\/wp-content\/uploads\/2025\/04\/33-1000x340.png 1000w\" sizes=\"(max-width: 1020px) 100vw, 1020px\" \/>\t\t\t\t\t\t\n\t\t\t\t\t<\/div>\n\t\t\t\t\t\t<\/a>\t\t\n<style>\n#image_197941914 {\n  width: 100%;\n}\n<\/style>\n\t<\/div>\n\t\n     <\/div>\n\n     <div class=\"loading-spin dark large centered\"><\/div>\n\n\t<\/div>\n\n\n\t<div id=\"gap-1214916109\" class=\"gap-element clearfix\" style=\"display:block; height:auto;\">\n\t\t\n<style>\n#gap-1214916109 {\n  padding-top: 30px;\n}\n<\/style>\n\t<\/div>\n\t\n\n\t<section class=\"section\" id=\"section_307167396\">\n\t\t<div class=\"section-bg fill\" >\n\t\t\t\t\t\t\t\t\t\n\t\t\t\n\t<div class=\"is-border\"\n\t\tstyle=\"border-color:rgb(235, 235, 235);border-width:1px 0px 0px 0px;\">\n\t<\/div>\n\n\t\t<\/div>\n\n\t\t\n\n\t\t<div class=\"section-content relative\">\n\t\t\t\n<div class=\"row row-large align-middle align-center\"  id=\"row-950746586\">\n\n\t<div id=\"col-1365900602\" class=\"col medium-6 small-12 large-6\"  >\n\t\t\t\t<div class=\"col-inner box-shadow-2 box-shadow-5-hover\" style=\"background-color:rgb(255, 255, 255);\" >\n\t\t\t\n\t\t\t\n\t<div class=\"img has-hover x md-x lg-x y md-y lg-y\" id=\"image_1592224031\">\n\t\t\t\t\t\t\t\t<div class=\"img-inner dark\" >\n\t\t\t<img decoding=\"async\" width=\"806\" height=\"800\" src=\"http:\/\/www.forethoughtmed.com\/wp-content\/uploads\/2025\/04\/55-806x800.png\" class=\"attachment-large size-large\" alt=\"\" srcset=\"http:\/\/www.forethoughtmed.com\/wp-content\/uploads\/2025\/04\/55-806x800.png 806w, http:\/\/www.forethoughtmed.com\/wp-content\/uploads\/2025\/04\/55-403x400.png 403w, http:\/\/www.forethoughtmed.com\/wp-content\/uploads\/2025\/04\/55-768x762.png 768w, http:\/\/www.forethoughtmed.com\/wp-content\/uploads\/2025\/04\/55-12x12.png 12w, http:\/\/www.forethoughtmed.com\/wp-content\/uploads\/2025\/04\/55-100x100.png 100w, http:\/\/www.forethoughtmed.com\/wp-content\/uploads\/2025\/04\/55.png 888w\" sizes=\"(max-width: 806px) 100vw, 806px\" \/>\t\t\t\t\t\t\n\t\t\t\t\t<\/div>\n\t\t\t\t\t\t\t\t\n<style>\n#image_1592224031 {\n  width: 100%;\n}\n<\/style>\n\t<\/div>\n\t\n\t\t<\/div>\n\t\t\t\t\n<style>\n#col-1365900602 > .col-inner {\n  padding: 15px 15px 15px 15px;\n}\n<\/style>\n\t<\/div>\n\n\t\n\n\t<div id=\"col-1382323052\" class=\"col medium-6 small-12 large-6\"  >\n\t\t\t\t<div class=\"col-inner text-center\"  >\n\t\t\t\n\t\t\t\n<h2>\u00a1Despi\u00e9rtese sin dolor de cuello !<\/h2>\n<p>92% de los compradores dijeron que recomendar\u00edan esta almohada a amigos y familiares por su mayor comodidad y apoyo.<\/p>\n<p>95% de los usuarios informaron de una reducci\u00f3n del dolor de cuello tras cambiar a nuestra almohada cervical de espuma viscoel\u00e1stica.<\/p>\n<p>90% de los clientes experimentaron una mejor calidad del sue\u00f1o y una mejor alineaci\u00f3n de la columna vertebral.<\/p>\n\t\t<\/div>\n\t\t\t\t\t<\/div>\n\n\t\n<\/div>\n\t\t<\/div>\n\n\t\t\n<style>\n#section_307167396 {\n  padding-top: 59px;\n  padding-bottom: 59px;\n  min-height: 300px;\n  background-color: rgb(240, 240, 240);\n}\n<\/style>\n\t<\/section>\n\t\n\t<div id=\"gap-1133135392\" class=\"gap-element clearfix\" style=\"display:block; height:auto;\">\n\t\t\n<style>\n#gap-1133135392 {\n  padding-top: 30px;\n}\n<\/style>\n\t<\/div>\n\t\n<div class=\"container section-title-container\" ><h3 class=\"section-title section-title-center\"><b><\/b><span class=\"section-title-main\" style=\"font-size:118%;\">PREGUNTAS FRECUENTES<\/span><b><\/b><\/h3><\/div>\n<div class=\"accordion\">\n\t<div id=\"accordion-2231462551\" class=\"accordion-item\">\n\t\t<a id=\"accordion-2231462551-label\" class=\"accordion-title plain\" href=\"#accordion-item-is-the-pillow-suitable-for-all-sleep-positions?\" aria-expanded=\"false\" aria-controls=\"accordion-2231462551-content\" >\n\t\t\t<button class=\"toggle\" aria-label=\"Toggle\"><i class=\"icon-angle-down\"><\/i><\/button>\n\t\t\t<span>\u00bfEs la almohada adecuada para todas las posiciones de sue\u00f1o?<\/span>\n\t\t<\/a>\n\t\t<div id=\"accordion-2231462551-content\" class=\"accordion-inner\" aria-labelledby=\"accordion-2231462551-label\" >\n\t\t\t\n<p>S\u00ed, esta almohada de espuma viscoel\u00e1stica est\u00e1 dise\u00f1ada para personas que duermen de lado, boca arriba y boca abajo.<\/p>\n\t\t<\/div>\n\t<\/div>\n\t\n\t<div id=\"accordion-3496207123\" class=\"accordion-item\">\n\t\t<a id=\"accordion-3496207123-label\" class=\"accordion-title plain\" href=\"#accordion-item-is-the-foam-hypoallergenic?\" aria-expanded=\"false\" aria-controls=\"accordion-3496207123-content\" >\n\t\t\t<button class=\"toggle\" aria-label=\"Toggle\"><i class=\"icon-angle-down\"><\/i><\/button>\n\t\t\t<span>\u00bfEs hipoalerg\u00e9nica la espuma?<\/span>\n\t\t<\/a>\n\t\t<div id=\"accordion-3496207123-content\" class=\"accordion-inner\" aria-labelledby=\"accordion-3496207123-label\" >\n\t\t\t\n<p>S\u00ed, nuestra espuma viscoel\u00e1stica est\u00e1 certificada por CertiPUR-US y aprobada por Oeko-Tex, libre de sustancias nocivas.<\/p>\n\t\t<\/div>\n\t<\/div>\n\t\n\t<div id=\"accordion-3371123245\" class=\"accordion-item\">\n\t\t<a id=\"accordion-3371123245-label\" class=\"accordion-title plain\" href=\"#accordion-item-how-do-i-adjust-the-pillow-height?\" aria-expanded=\"false\" aria-controls=\"accordion-3371123245-content\" >\n\t\t\t<button class=\"toggle\" aria-label=\"Toggle\"><i class=\"icon-angle-down\"><\/i><\/button>\n\t\t\t<span>\u00bfC\u00f3mo se ajusta la altura de la almohada?<\/span>\n\t\t<\/a>\n\t\t<div id=\"accordion-3371123245-content\" class=\"accordion-inner\" aria-labelledby=\"accordion-3371123245-label\" >\n\t\t\t\n<p>Basta con girar la almohada para obtener una comodidad personalizada. La almohada de espuma viscoel\u00e1stica tiene diferentes alturas en cada lado. Esto ayuda a acomodar diferentes formas de cuello y hombros para una comodidad personalizada y un apoyo \u00f3ptimo.<\/p>\n\t\t<\/div>\n\t<\/div>\n\t\n\t<div id=\"accordion-3275286659\" class=\"accordion-item\">\n\t\t<a id=\"accordion-3275286659-label\" class=\"accordion-title plain\" href=\"#accordion-item-do-i-need-any-special-pillow-cover?\" aria-expanded=\"false\" aria-controls=\"accordion-3275286659-content\" >\n\t\t\t<button class=\"toggle\" aria-label=\"Toggle\"><i class=\"icon-angle-down\"><\/i><\/button>\n\t\t\t<span>\u00bfNecesito alguna funda de almohada especial?<\/span>\n\t\t<\/a>\n\t\t<div id=\"accordion-3275286659-content\" class=\"accordion-inner\" aria-labelledby=\"accordion-3275286659-label\" >\n\t\t\t\n<p>No, no necesitas ninguna funda de almohada especial.<\/p>\n\t\t<\/div>\n\t<\/div>\n\t\n\t<div id=\"accordion-276011817\" class=\"accordion-item\">\n\t\t<a id=\"accordion-276011817-label\" class=\"accordion-title plain\" href=\"#accordion-item-can-i-wash-the-pillow-cover?\" aria-expanded=\"false\" aria-controls=\"accordion-276011817-content\" >\n\t\t\t<button class=\"toggle\" aria-label=\"Toggle\"><i class=\"icon-angle-down\"><\/i><\/button>\n\t\t\t<span>\u00bfPuedo lavar la funda de almohada?<\/span>\n\t\t<\/a>\n\t\t<div id=\"accordion-276011817-content\" class=\"accordion-inner\" aria-labelledby=\"accordion-276011817-label\" >\n\t\t\t\n<p>S\u00ed, la funda transpirable es extra\u00edble y lavable a m\u00e1quina.<\/p>\n\t\t<\/div>\n\t<\/div>\n\t\n\t<div id=\"accordion-2364568000\" class=\"accordion-item\">\n\t\t<a id=\"accordion-2364568000-label\" class=\"accordion-title plain\" href=\"#accordion-item-how-long-will-it-take-to-see-results?\" aria-expanded=\"false\" aria-controls=\"accordion-2364568000-content\" >\n\t\t\t<button class=\"toggle\" aria-label=\"Toggle\"><i class=\"icon-angle-down\"><\/i><\/button>\n\t\t\t<span>\u00bfCu\u00e1nto tardar\u00e9 en ver resultados?<\/span>\n\t\t<\/a>\n\t\t<div id=\"accordion-2364568000-content\" class=\"accordion-inner\" aria-labelledby=\"accordion-2364568000-label\" >\n\t\t\t\n<p>Algunos usuarios sienten un alivio inmediato, mientras que otros pueden tardar algunas noches en adaptarse.<\/p>\n\t\t<\/div>\n\t<\/div>\n\t\n\t<div id=\"accordion-1658896817\" class=\"accordion-item\">\n\t\t<a id=\"accordion-1658896817-label\" class=\"accordion-title plain\" href=\"#accordion-item-what&#039;s-your-shipping-policy?\" aria-expanded=\"false\" aria-controls=\"accordion-1658896817-content\" >\n\t\t\t<button class=\"toggle\" aria-label=\"Toggle\"><i class=\"icon-angle-down\"><\/i><\/button>\n\t\t\t<span>\u00bfCu\u00e1l es su pol\u00edtica de env\u00edos?<\/span>\n\t\t<\/a>\n\t\t<div id=\"accordion-1658896817-content\" class=\"accordion-inner\" aria-labelledby=\"accordion-1658896817-label\" >\n\t\t\t\n<p>Env\u00edo gratuito en pedidos.<\/p>\n\t\t<\/div>\n\t<\/div>\n\t\n\t<div id=\"accordion-1305289778\" class=\"accordion-item\">\n\t\t<a id=\"accordion-1305289778-label\" class=\"accordion-title plain\" href=\"#accordion-item-what&#039;s-your-return-policy?\" aria-expanded=\"false\" aria-controls=\"accordion-1305289778-content\" >\n\t\t\t<button class=\"toggle\" aria-label=\"Toggle\"><i class=\"icon-angle-down\"><\/i><\/button>\n\t\t\t<span>\u00bfCu\u00e1l es su pol\u00edtica de devoluciones?<\/span>\n\t\t<\/a>\n\t\t<div id=\"accordion-1305289778-content\" class=\"accordion-inner\" aria-labelledby=\"accordion-1305289778-label\" >\n\t\t\t\n<p>Ofrecemos una garant\u00eda de devoluci\u00f3n del dinero de 30 d\u00edas. Si no est\u00e1 satisfecho con su compra, simplemente p\u00f3ngase en contacto con nosotros para obtener un reembolso completo.<\/p>\n\t\t<\/div>\n\t<\/div>\n\t\n<\/div>\n\t<div id=\"gap-1000215088\" class=\"gap-element clearfix\" style=\"display:block; height:auto;\">\n\t\t\n<style>\n#gap-1000215088 {\n  padding-top: 30px;\n}\n<\/style>\n\t<\/div>\n\t\n<div class=\"container section-title-container\" ><h3 class=\"section-title section-title-center\"><b><\/b><span class=\"section-title-main\" style=\"font-size:118%;\">Nuestros clientes<\/span><b><\/b><\/h3><\/div>\n<div class=\"row\"  id=\"row-54639151\">\n\n\t<div id=\"col-908092146\" class=\"col medium-4 small-12 large-4\"  >\n\t\t\t\t<div class=\"col-inner\"  >\n\t\t\t\n\t\t\t\n  <div class=\"icon-box testimonial-box icon-box-center text-center is-small\">\n                <div class=\"icon-box-img testimonial-image circle\" style=\"width: 121px\">\n                      <\/div>\n                <div class=\"icon-box-text p-last-0\">\n          <div class=\"star-rating\"><span style=\"width:100%\"><strong class=\"rating\"><\/strong><\/span><\/div>  \t\t\t\t<div class=\"testimonial-text line-height-small italic test_text first-reset last-reset is-italic\">\n            \n<h2>La mejor almohada que he usado<\/h2>\n<p>Esta almohada cambia las reglas del juego. El dise\u00f1o del contorno mantiene mi cuello correctamente alineado y ahora duermo mucho mejor. Se acabaron las vueltas en la cama. Me encanta.<\/p>\n          <\/div>\n          <div class=\"testimonial-meta pt-half\">\n             <strong class=\"testimonial-name test_name\"><\/strong>\n                          <span class=\"testimonial-company test_company\"><\/span>\n          <\/div>\n        <\/div>\n  <\/div>\n\n  \n\t\t<\/div>\n\t\t\t\t\t<\/div>\n\n\t\n\n\t<div id=\"col-2124390699\" class=\"col medium-4 small-12 large-4\"  >\n\t\t\t\t<div class=\"col-inner\"  >\n\t\t\t\n\t\t\t\n  <div class=\"icon-box testimonial-box icon-box-center text-center is-small\">\n                <div class=\"icon-box-img testimonial-image circle\" style=\"width: 121px\">\n                      <\/div>\n                <div class=\"icon-box-text p-last-0\">\n          <div class=\"star-rating\"><span style=\"width:100%\"><strong class=\"rating\"><\/strong><\/span><\/div>  \t\t\t\t<div class=\"testimonial-text line-height-small italic test_text first-reset last-reset is-italic\">\n            \n<div class=\"e-box h-p2 -stacked -radius-none\">\n<h2>Por fin, un sue\u00f1o reparador<\/h2>\n<p class=\"t-body h-my1\">Llevo a\u00f1os luchando contra el dolor de cuello, \u00a1y esta almohada ha marcado una gran diferencia! Proporciona el equilibrio perfecto entre apoyo y comodidad. Me despierto fresca y sin dolor. Muy recomendable.<\/p>\n<\/div>\n          <\/div>\n          <div class=\"testimonial-meta pt-half\">\n             <strong class=\"testimonial-name test_name\"><\/strong>\n                          <span class=\"testimonial-company test_company\"><\/span>\n          <\/div>\n        <\/div>\n  <\/div>\n\n  \n\t\t<\/div>\n\t\t\t\t\t<\/div>\n\n\t\n\n\t<div id=\"col-411732308\" class=\"col medium-4 small-12 large-4\"  >\n\t\t\t\t<div class=\"col-inner\"  >\n\t\t\t\n\t\t\t\n  <div class=\"icon-box testimonial-box icon-box-center text-center\">\n                <div class=\"icon-box-img testimonial-image circle\" style=\"width: 121px\">\n                      <\/div>\n                <div class=\"icon-box-text p-last-0\">\n          <div class=\"star-rating\"><span style=\"width:100%\"><strong class=\"rating\"><\/strong><\/span><\/div>  \t\t\t\t<div class=\"testimonial-text line-height-small italic test_text first-reset last-reset is-italic\">\n            \n<h2>\u00a1Almohada que cambia la vida!<\/h2>\n<p>La espuma con memoria se amolda perfectamente a mi cuello y ya no me despierto con rigidez. Merece la pena.<\/p>\n          <\/div>\n          <div class=\"testimonial-meta pt-half\">\n             <strong class=\"testimonial-name test_name\"><\/strong>\n                          <span class=\"testimonial-company test_company\"><\/span>\n          <\/div>\n        <\/div>\n  <\/div>\n\n  \n\t\t<\/div>\n\t\t\t\t\t<\/div>\n\n\t\n<\/div>","protected":false},"excerpt":{"rendered":"","protected":false},"featured_media":7344,"comment_status":"open","ping_status":"closed","template":"","meta":[],"product_brand":[],"product_cat":[90],"product_tag":[122],"class_list":{"0":"post-7337","1":"product","2":"type-product","3":"status-publish","4":"has-post-thumbnail","6":"product_cat-supporting-equipment","7":"product_tag-pillow","9":"first","10":"instock","11":"sale","12":"shipping-taxable","13":"purchasable","14":"product-type-simple"},"_links":{"self":[{"href":"http:\/\/www.forethoughtmed.com\/es\/wp-json\/wp\/v2\/product\/7337","targetHints":{"allow":["GET"]}}],"collection":[{"href":"http:\/\/www.forethoughtmed.com\/es\/wp-json\/wp\/v2\/product"}],"about":[{"href":"http:\/\/www.forethoughtmed.com\/es\/wp-json\/wp\/v2\/types\/product"}],"replies":[{"embeddable":true,"href":"http:\/\/www.forethoughtmed.com\/es\/wp-json\/wp\/v2\/comments?post=7337"}],"wp:featuredmedia":[{"embeddable":true,"href":"http:\/\/www.forethoughtmed.com\/es\/wp-json\/wp\/v2\/media\/7344"}],"wp:attachment":[{"href":"http:\/\/www.forethoughtmed.com\/es\/wp-json\/wp\/v2\/media?parent=7337"}],"wp:term":[{"taxonomy":"product_brand","embeddable":true,"href":"http:\/\/www.forethoughtmed.com\/es\/wp-json\/wp\/v2\/product_brand?post=7337"},{"taxonomy":"product_cat","embeddable":true,"href":"http:\/\/www.forethoughtmed.com\/es\/wp-json\/wp\/v2\/product_cat?post=7337"},{"taxonomy":"product_tag","embeddable":true,"href":"http:\/\/www.forethoughtmed.com\/es\/wp-json\/wp\/v2\/product_tag?post=7337"}],"curies":[{"name":"wp","href":"https:\/\/api.w.org\/{rel}","templated":true}]}}