{"id":6586,"date":"2024-11-12T09:33:55","date_gmt":"2024-11-12T09:33:55","guid":{"rendered":"https:\/\/www.forethoughtmed.com\/?post_type=product&#038;p=6586"},"modified":"2025-03-20T09:08:38","modified_gmt":"2025-03-20T09:08:38","slug":"scoliosis-undergarment-for-toddlers-model-sc301","status":"publish","type":"product","link":"http:\/\/www.forethoughtmed.com\/es\/producto\/scoliosis-undergarment-for-toddlers-model-sc301\/","title":{"rendered":"Ropa interior para ni\u00f1os peque\u00f1os con escoliosis - Modelo SC301"},"content":{"rendered":"<p data-pm-slice=\"1 1 []\"><img decoding=\"async\" class=\"size-medium wp-image-6579 aligncenter\" src=\"http:\/\/www.forethoughtmed.com\/wp-content\/uploads\/2024\/11\/pic58-800x166.jpg\" alt=\"\" width=\"800\" height=\"166\" srcset=\"http:\/\/www.forethoughtmed.com\/wp-content\/uploads\/2024\/11\/pic58-800x166.jpg 800w, http:\/\/www.forethoughtmed.com\/wp-content\/uploads\/2024\/11\/pic58-1400x291.jpg 1400w, http:\/\/www.forethoughtmed.com\/wp-content\/uploads\/2024\/11\/pic58-768x159.jpg 768w, http:\/\/www.forethoughtmed.com\/wp-content\/uploads\/2024\/11\/pic58-1536x319.jpg 1536w, http:\/\/www.forethoughtmed.com\/wp-content\/uploads\/2024\/11\/pic58-2048x425.jpg 2048w, http:\/\/www.forethoughtmed.com\/wp-content\/uploads\/2024\/11\/pic58-18x4.jpg 18w, http:\/\/www.forethoughtmed.com\/wp-content\/uploads\/2024\/11\/pic58-1000x208.jpg 1000w\" sizes=\"(max-width: 800px) 100vw, 800px\" \/> <img decoding=\"async\" class=\"size-medium wp-image-6580 aligncenter\" src=\"http:\/\/www.forethoughtmed.com\/wp-content\/uploads\/2024\/11\/pic59-720x400.jpg\" alt=\"\" width=\"720\" height=\"400\" srcset=\"http:\/\/www.forethoughtmed.com\/wp-content\/uploads\/2024\/11\/pic59-720x400.jpg 720w, http:\/\/www.forethoughtmed.com\/wp-content\/uploads\/2024\/11\/pic59-1400x778.jpg 1400w, http:\/\/www.forethoughtmed.com\/wp-content\/uploads\/2024\/11\/pic59-768x427.jpg 768w, http:\/\/www.forethoughtmed.com\/wp-content\/uploads\/2024\/11\/pic59-1536x853.jpg 1536w, http:\/\/www.forethoughtmed.com\/wp-content\/uploads\/2024\/11\/pic59-18x10.jpg 18w, http:\/\/www.forethoughtmed.com\/wp-content\/uploads\/2024\/11\/pic59-1000x555.jpg 1000w, http:\/\/www.forethoughtmed.com\/wp-content\/uploads\/2024\/11\/pic59.jpg 1696w\" sizes=\"(max-width: 720px) 100vw, 720px\" \/><\/p>\n<p data-pm-slice=\"1 1 []\">La prenda interior para escoliosis SC301 est\u00e1 especialmente dise\u00f1ada para ni\u00f1os peque\u00f1os que necesitan mayor comodidad y sujeci\u00f3n mientras llevan un cors\u00e9 ortop\u00e9dico para escoliosis. Dise\u00f1ada con un material de algod\u00f3n suave y transpirable, esta prenda interior ofrece una comodidad y una elasticidad excelentes, lo que permite que los ni\u00f1os se muevan libremente sin dejar de recibir la sujeci\u00f3n que necesitan.<\/p>\n<p>Su gran elasticidad permite que se adapte perfectamente al cuerpo del ni\u00f1o, reduciendo la irritaci\u00f3n de la piel causada por el cors\u00e9. El SC301 es una opci\u00f3n perfecta para los padres que buscan una soluci\u00f3n de apoyo, c\u00f3moda y con estilo para los ni\u00f1os peque\u00f1os que requieren apoyo para la escoliosis.<\/p>\n<p><strong>Caracter\u00edsticas principales<\/strong>:<\/p>\n<ul data-spread=\"false\">\n<li><strong>Dise\u00f1ado espec\u00edficamente para ni\u00f1os peque\u00f1os<\/strong>: Proporciona una comodidad y un apoyo \u00f3ptimos bajo un cors\u00e9 para escoliosis.<\/li>\n<li><strong>Material suave y transpirable<\/strong>: Hecho de algod\u00f3n suave, transpirable y el\u00e1stico para garantizar la comodidad de los ni\u00f1os peque\u00f1os.<\/li>\n<li><strong>Dibujos y colores divertidos<\/strong>: Disponible en varios colores y divertidos dibujos para que los m\u00e1s peque\u00f1os disfruten llevando esta prenda interior.<\/li>\n<li><strong>Alta elasticidad<\/strong>: Proporciona un ajuste seguro a la vez que permite libertad de movimientos, reduciendo la irritaci\u00f3n causada por los aparatos ortop\u00e9dicos.<\/li>\n<\/ul>","protected":false},"excerpt":{"rendered":"<p data-pm-slice=\"1 1 []\">La prenda interior para escoliosis SC301 para ni\u00f1os peque\u00f1os est\u00e1 dise\u00f1ada para proporcionar la m\u00e1xima comodidad y sujeci\u00f3n bajo un cors\u00e9 ortop\u00e9dico para escoliosis. Confeccionada con un tejido suave y transpirable y estampados divertidos, esta prenda interior ayuda a los ni\u00f1os peque\u00f1os a estar c\u00f3modos mientras mantienen la sujeci\u00f3n durante todo el d\u00eda.<\/p>","protected":false},"featured_media":6607,"comment_status":"open","ping_status":"closed","template":"","meta":[],"product_brand":[],"product_cat":[90],"product_tag":[],"class_list":{"0":"post-6586","1":"product","2":"type-product","3":"status-publish","4":"has-post-thumbnail","6":"product_cat-supporting-equipment","8":"first","9":"instock","10":"sale","11":"shipping-taxable","12":"purchasable","13":"product-type-variable"},"_links":{"self":[{"href":"http:\/\/www.forethoughtmed.com\/es\/wp-json\/wp\/v2\/product\/6586","targetHints":{"allow":["GET"]}}],"collection":[{"href":"http:\/\/www.forethoughtmed.com\/es\/wp-json\/wp\/v2\/product"}],"about":[{"href":"http:\/\/www.forethoughtmed.com\/es\/wp-json\/wp\/v2\/types\/product"}],"replies":[{"embeddable":true,"href":"http:\/\/www.forethoughtmed.com\/es\/wp-json\/wp\/v2\/comments?post=6586"}],"wp:featuredmedia":[{"embeddable":true,"href":"http:\/\/www.forethoughtmed.com\/es\/wp-json\/wp\/v2\/media\/6607"}],"wp:attachment":[{"href":"http:\/\/www.forethoughtmed.com\/es\/wp-json\/wp\/v2\/media?parent=6586"}],"wp:term":[{"taxonomy":"product_brand","embeddable":true,"href":"http:\/\/www.forethoughtmed.com\/es\/wp-json\/wp\/v2\/product_brand?post=6586"},{"taxonomy":"product_cat","embeddable":true,"href":"http:\/\/www.forethoughtmed.com\/es\/wp-json\/wp\/v2\/product_cat?post=6586"},{"taxonomy":"product_tag","embeddable":true,"href":"http:\/\/www.forethoughtmed.com\/es\/wp-json\/wp\/v2\/product_tag?post=6586"}],"curies":[{"name":"wp","href":"https:\/\/api.w.org\/{rel}","templated":true}]}}