{"id":6583,"date":"2024-11-12T09:33:54","date_gmt":"2024-11-12T09:33:54","guid":{"rendered":"https:\/\/www.forethoughtmed.com\/?post_type=product&#038;p=6583"},"modified":"2025-06-07T01:36:52","modified_gmt":"2025-06-07T00:36:52","slug":"scoliosis-undergarment-for-kids-model-sc201","status":"publish","type":"product","link":"http:\/\/www.forethoughtmed.com\/es\/producto\/scoliosis-undergarment-for-kids-model-sc201\/","title":{"rendered":"Ropa interior para ni\u00f1os con escoliosis - Modelo SC201"},"content":{"rendered":"<p data-pm-slice=\"1 1 []\"><img decoding=\"async\" class=\"size-medium wp-image-6579 aligncenter\" src=\"http:\/\/www.forethoughtmed.com\/wp-content\/uploads\/2024\/11\/pic58-800x166.jpg\" alt=\"\" width=\"800\" height=\"166\" srcset=\"http:\/\/www.forethoughtmed.com\/wp-content\/uploads\/2024\/11\/pic58-800x166.jpg 800w, http:\/\/www.forethoughtmed.com\/wp-content\/uploads\/2024\/11\/pic58-1400x291.jpg 1400w, http:\/\/www.forethoughtmed.com\/wp-content\/uploads\/2024\/11\/pic58-768x159.jpg 768w, http:\/\/www.forethoughtmed.com\/wp-content\/uploads\/2024\/11\/pic58-1536x319.jpg 1536w, http:\/\/www.forethoughtmed.com\/wp-content\/uploads\/2024\/11\/pic58-2048x425.jpg 2048w, http:\/\/www.forethoughtmed.com\/wp-content\/uploads\/2024\/11\/pic58-18x4.jpg 18w, http:\/\/www.forethoughtmed.com\/wp-content\/uploads\/2024\/11\/pic58-1000x208.jpg 1000w\" sizes=\"(max-width: 800px) 100vw, 800px\" \/> <img decoding=\"async\" class=\"size-medium wp-image-6580 aligncenter\" src=\"http:\/\/www.forethoughtmed.com\/wp-content\/uploads\/2024\/11\/pic59-720x400.jpg\" alt=\"\" width=\"720\" height=\"400\" srcset=\"http:\/\/www.forethoughtmed.com\/wp-content\/uploads\/2024\/11\/pic59-720x400.jpg 720w, http:\/\/www.forethoughtmed.com\/wp-content\/uploads\/2024\/11\/pic59-1400x778.jpg 1400w, http:\/\/www.forethoughtmed.com\/wp-content\/uploads\/2024\/11\/pic59-768x427.jpg 768w, http:\/\/www.forethoughtmed.com\/wp-content\/uploads\/2024\/11\/pic59-1536x853.jpg 1536w, http:\/\/www.forethoughtmed.com\/wp-content\/uploads\/2024\/11\/pic59-18x10.jpg 18w, http:\/\/www.forethoughtmed.com\/wp-content\/uploads\/2024\/11\/pic59-1000x555.jpg 1000w, http:\/\/www.forethoughtmed.com\/wp-content\/uploads\/2024\/11\/pic59.jpg 1696w\" sizes=\"(max-width: 720px) 100vw, 720px\" \/><\/p>\n<p data-pm-slice=\"1 1 []\">La prenda interior para ni\u00f1os con escoliosis SC201 est\u00e1 dise\u00f1ada para satisfacer las necesidades de los ni\u00f1os que necesitan un soporte adicional bajo el cors\u00e9 ortop\u00e9dico para escoliosis. Fabricada en algod\u00f3n de alta calidad, es ultrasuave, transpirable y el\u00e1stica, lo que garantiza la m\u00e1xima comodidad mientras se lleva el cors\u00e9. Disponible en una gama de divertidos estampados y colores, esta prenda interior a\u00f1ade un toque de alegr\u00eda, haci\u00e9ndola m\u00e1s atractiva para los usuarios m\u00e1s j\u00f3venes.<\/p>\n<p>Tanto si se lleva debajo de un cors\u00e9 para escoliosis como si se usa simplemente como prenda moldeadora de apoyo, la SC201 ofrece una soluci\u00f3n excelente para los ni\u00f1os que necesitan comodidad y apoyo a diario. Los coloridos dibujos y las elegantes opciones tambi\u00e9n hacen que sea una opci\u00f3n agradable para los ni\u00f1os, mejorando su experiencia.<\/p>\n<p><strong>Caracter\u00edsticas principales<\/strong>:<\/p>\n<ul data-spread=\"false\">\n<li><strong>Dise\u00f1ado para cors\u00e9s de escoliosis<\/strong>: Perfecto para llevar debajo de un cors\u00e9 para escoliosis para evitar molestias e irritaciones de la piel.<\/li>\n<li><strong>Material de algod\u00f3n suave<\/strong>: Hecho de algod\u00f3n suave, transpirable y el\u00e1stico para garantizar la comodidad y el apoyo.<\/li>\n<li><strong>Alta elasticidad<\/strong>: Proporciona un ajuste seguro a la vez que mantiene la flexibilidad y la comodidad para los ni\u00f1os durante todo el d\u00eda.<\/li>\n<li><strong>Dibujos y colores divertidos<\/strong>: Disponible en m\u00faltiples colores y estampados para que los ni\u00f1os disfruten llevando la prenda interior.<\/li>\n<li><strong>Varios tama\u00f1os disponibles<\/strong>: Adecuado para varios tipos de cuerpo, asegurando el mejor ajuste para cada ni\u00f1o.<\/li>\n<\/ul>","protected":false},"excerpt":{"rendered":"<p data-pm-slice=\"1 1 []\">La prenda interior para escoliosis SC201 est\u00e1 dise\u00f1ada espec\u00edficamente para ni\u00f1os, y proporciona comodidad y sujeci\u00f3n adicionales bajo un cors\u00e9 ortop\u00e9dico para escoliosis. Fabricada en algod\u00f3n suave y transpirable, garantiza la comodidad durante todo el d\u00eda y presenta divertidos estampados y colores que encantar\u00e1n a los ni\u00f1os.<\/p>","protected":false},"featured_media":6596,"comment_status":"open","ping_status":"closed","template":"","meta":[],"product_brand":[],"product_cat":[90],"product_tag":[],"class_list":{"0":"post-6583","1":"product","2":"type-product","3":"status-publish","4":"has-post-thumbnail","6":"product_cat-supporting-equipment","8":"first","9":"instock","10":"shipping-taxable","11":"purchasable","12":"product-type-variable"},"_links":{"self":[{"href":"http:\/\/www.forethoughtmed.com\/es\/wp-json\/wp\/v2\/product\/6583","targetHints":{"allow":["GET"]}}],"collection":[{"href":"http:\/\/www.forethoughtmed.com\/es\/wp-json\/wp\/v2\/product"}],"about":[{"href":"http:\/\/www.forethoughtmed.com\/es\/wp-json\/wp\/v2\/types\/product"}],"replies":[{"embeddable":true,"href":"http:\/\/www.forethoughtmed.com\/es\/wp-json\/wp\/v2\/comments?post=6583"}],"wp:featuredmedia":[{"embeddable":true,"href":"http:\/\/www.forethoughtmed.com\/es\/wp-json\/wp\/v2\/media\/6596"}],"wp:attachment":[{"href":"http:\/\/www.forethoughtmed.com\/es\/wp-json\/wp\/v2\/media?parent=6583"}],"wp:term":[{"taxonomy":"product_brand","embeddable":true,"href":"http:\/\/www.forethoughtmed.com\/es\/wp-json\/wp\/v2\/product_brand?post=6583"},{"taxonomy":"product_cat","embeddable":true,"href":"http:\/\/www.forethoughtmed.com\/es\/wp-json\/wp\/v2\/product_cat?post=6583"},{"taxonomy":"product_tag","embeddable":true,"href":"http:\/\/www.forethoughtmed.com\/es\/wp-json\/wp\/v2\/product_tag?post=6583"}],"curies":[{"name":"wp","href":"https:\/\/api.w.org\/{rel}","templated":true}]}}