{"id":6574,"date":"2024-11-12T09:33:34","date_gmt":"2024-11-12T09:33:34","guid":{"rendered":"https:\/\/www.forethoughtmed.com\/?post_type=product&#038;p=6574"},"modified":"2025-03-20T09:10:22","modified_gmt":"2025-03-20T09:10:22","slug":"scoliosis-undergarment-for-adults-model-sc101","status":"publish","type":"product","link":"http:\/\/www.forethoughtmed.com\/es\/producto\/scoliosis-undergarment-for-adults-model-sc101\/","title":{"rendered":"Prenda interior para escoliosis para adultos - Modelo SC101"},"content":{"rendered":"<p data-pm-slice=\"1 1 []\"><img decoding=\"async\" class=\"size-medium wp-image-6579 aligncenter\" src=\"http:\/\/www.forethoughtmed.com\/wp-content\/uploads\/2024\/11\/pic58-800x166.jpg\" alt=\"\" width=\"800\" height=\"166\" srcset=\"http:\/\/www.forethoughtmed.com\/wp-content\/uploads\/2024\/11\/pic58-800x166.jpg 800w, http:\/\/www.forethoughtmed.com\/wp-content\/uploads\/2024\/11\/pic58-1400x291.jpg 1400w, http:\/\/www.forethoughtmed.com\/wp-content\/uploads\/2024\/11\/pic58-768x159.jpg 768w, http:\/\/www.forethoughtmed.com\/wp-content\/uploads\/2024\/11\/pic58-1536x319.jpg 1536w, http:\/\/www.forethoughtmed.com\/wp-content\/uploads\/2024\/11\/pic58-2048x425.jpg 2048w, http:\/\/www.forethoughtmed.com\/wp-content\/uploads\/2024\/11\/pic58-18x4.jpg 18w, http:\/\/www.forethoughtmed.com\/wp-content\/uploads\/2024\/11\/pic58-1000x208.jpg 1000w\" sizes=\"(max-width: 800px) 100vw, 800px\" \/> <img decoding=\"async\" class=\"size-medium wp-image-6580 aligncenter\" src=\"http:\/\/www.forethoughtmed.com\/wp-content\/uploads\/2024\/11\/pic59-720x400.jpg\" alt=\"\" width=\"720\" height=\"400\" srcset=\"http:\/\/www.forethoughtmed.com\/wp-content\/uploads\/2024\/11\/pic59-720x400.jpg 720w, http:\/\/www.forethoughtmed.com\/wp-content\/uploads\/2024\/11\/pic59-1400x778.jpg 1400w, http:\/\/www.forethoughtmed.com\/wp-content\/uploads\/2024\/11\/pic59-768x427.jpg 768w, http:\/\/www.forethoughtmed.com\/wp-content\/uploads\/2024\/11\/pic59-1536x853.jpg 1536w, http:\/\/www.forethoughtmed.com\/wp-content\/uploads\/2024\/11\/pic59-18x10.jpg 18w, http:\/\/www.forethoughtmed.com\/wp-content\/uploads\/2024\/11\/pic59-1000x555.jpg 1000w, http:\/\/www.forethoughtmed.com\/wp-content\/uploads\/2024\/11\/pic59.jpg 1696w\" sizes=\"(max-width: 720px) 100vw, 720px\" \/><\/p>\n<p data-pm-slice=\"1 1 []\">La prenda interior para escoliosis SC101 es la opci\u00f3n ideal para las personas que necesitan ropa interior c\u00f3moda y de apoyo para llevar debajo de un cors\u00e9 ortop\u00e9dico para escoliosis. Fabricada en algod\u00f3n puro, esta prenda interior est\u00e1 dise\u00f1ada para ser ultrasuave, transpirable y muy el\u00e1stica, lo que proporciona comodidad durante todo el d\u00eda y mantiene su forma.<\/p>\n<p>El dise\u00f1o se centra en proporcionar una sujeci\u00f3n eficaz al tiempo que garantiza la comodidad bajo el cors\u00e9 para escoliosis, que a menudo puede causar molestias si se lleva sin la ropa interior adecuada.<\/p>\n<p>Tanto si busca una prenda moldeadora para la escoliosis como una prenda interior para sujetar c\u00f3modamente el cors\u00e9 ortop\u00e9dico, la SC101 es una soluci\u00f3n pr\u00e1ctica para el uso diario. Su gran elasticidad le permite adaptarse al cuerpo para un ajuste ce\u00f1ido y seguro, al tiempo que evita irritaciones, lo que la hace adecuada para un uso prolongado.<\/p>\n<p><strong>Caracter\u00edsticas principales<\/strong>:<\/p>\n<ul data-spread=\"false\">\n<li><strong>Dise\u00f1ado para cors\u00e9s de escoliosis<\/strong>: Perfectamente adaptado para llevarlo debajo de un cors\u00e9 para escoliosis a fin de evitar molestias e irritaciones de la piel.<\/li>\n<li><strong>Material: algod\u00f3n puro<\/strong>: Hecho de algod\u00f3n suave, transpirable y el\u00e1stico para garantizar la comodidad y el apoyo.<\/li>\n<li><strong>Alta elasticidad<\/strong>: Proporciona un ajuste ce\u00f1ido y seguro a la vez que mantiene la comodidad durante todo el d\u00eda.<\/li>\n<li><strong>Varios tama\u00f1os disponibles<\/strong>: Adecuado para varios tipos de cuerpo, asegurando el mejor ajuste para todos.<\/li>\n<\/ul>","protected":false},"excerpt":{"rendered":"<p data-pm-slice=\"1 1 []\">La prenda interior para escoliosis SC101 est\u00e1 dise\u00f1ada espec\u00edficamente para adultos que necesitan una mayor comodidad y sujeci\u00f3n bajo un cors\u00e9 ortop\u00e9dico para escoliosis. Confeccionada con un tejido de algod\u00f3n suave y transpirable, garantiza comodidad durante todo el d\u00eda al tiempo que proporciona una sujeci\u00f3n esencial. Disponible en varios niveles de grosor, esta prenda interior es ideal para diferentes estaciones.<\/p>","protected":false},"featured_media":6577,"comment_status":"open","ping_status":"closed","template":"","meta":[],"product_brand":[],"product_cat":[90],"product_tag":[],"class_list":{"0":"post-6574","1":"product","2":"type-product","3":"status-publish","4":"has-post-thumbnail","6":"product_cat-supporting-equipment","8":"first","9":"instock","10":"shipping-taxable","11":"purchasable","12":"product-type-variable"},"_links":{"self":[{"href":"http:\/\/www.forethoughtmed.com\/es\/wp-json\/wp\/v2\/product\/6574","targetHints":{"allow":["GET"]}}],"collection":[{"href":"http:\/\/www.forethoughtmed.com\/es\/wp-json\/wp\/v2\/product"}],"about":[{"href":"http:\/\/www.forethoughtmed.com\/es\/wp-json\/wp\/v2\/types\/product"}],"replies":[{"embeddable":true,"href":"http:\/\/www.forethoughtmed.com\/es\/wp-json\/wp\/v2\/comments?post=6574"}],"wp:featuredmedia":[{"embeddable":true,"href":"http:\/\/www.forethoughtmed.com\/es\/wp-json\/wp\/v2\/media\/6577"}],"wp:attachment":[{"href":"http:\/\/www.forethoughtmed.com\/es\/wp-json\/wp\/v2\/media?parent=6574"}],"wp:term":[{"taxonomy":"product_brand","embeddable":true,"href":"http:\/\/www.forethoughtmed.com\/es\/wp-json\/wp\/v2\/product_brand?post=6574"},{"taxonomy":"product_cat","embeddable":true,"href":"http:\/\/www.forethoughtmed.com\/es\/wp-json\/wp\/v2\/product_cat?post=6574"},{"taxonomy":"product_tag","embeddable":true,"href":"http:\/\/www.forethoughtmed.com\/es\/wp-json\/wp\/v2\/product_tag?post=6574"}],"curies":[{"name":"wp","href":"https:\/\/api.w.org\/{rel}","templated":true}]}}