{"id":6230,"date":"2024-10-23T10:50:34","date_gmt":"2024-10-23T09:50:34","guid":{"rendered":"https:\/\/www.forethoughtmed.com\/?post_type=product&#038;p=6230"},"modified":"2025-03-24T09:34:02","modified_gmt":"2025-03-24T09:34:02","slug":"sapling-back-braceposture-correction-belt","status":"publish","type":"product","link":"http:\/\/www.forethoughtmed.com\/es\/producto\/sapling-back-braceposture-correction-belt\/","title":{"rendered":"Sapling Back Brace(cintur\u00f3n corrector de postura)"},"content":{"rendered":"<div class=\"flex-shrink-0 flex flex-col relative items-end\">\n<div>\n<div class=\"pt-0\">\n<div class=\"gizmo-bot-avatar flex h-8 w-8 items-center justify-center overflow-hidden rounded-full\">\n<div class=\"relative p-1 rounded-sm flex items-center justify-center bg-token-main-surface-primary text-token-text-primary h-8 w-8\"><\/div>\n<\/div>\n<\/div>\n<\/div>\n<\/div>\n<div class=\"group\/conversation-turn relative flex w-full min-w-0 flex-col agent-turn\">\n<div class=\"flex-col gap-1 md:gap-3\">\n<div class=\"flex max-w-full flex-col flex-grow\">\n<div class=\"min-h-8 text-message flex w-full flex-col items-end gap-2 whitespace-normal break-words [.text-message+&amp;]:mt-5\" dir=\"auto\" data-message-author-role=\"assistant\" data-message-id=\"0cf6315d-e72c-4ae6-9e3f-286c168f54ad\" data-message-model-slug=\"gpt-4o-canmore\">\n<div class=\"flex w-full flex-col gap-1 empty:hidden first:pt-[3px]\">\n<div class=\"markdown prose w-full break-words dark:prose-invert light\">\n<p>La faja lumbar Sapling (cintur\u00f3n corrector de postura) - Modelo XS-201H es una soluci\u00f3n esencial para cualquier persona que busque alivio para la ci\u00e1tica, hernias discales o molestias por escoliosis. Fabricada con tejido de infrarrojos lejanos de alta calidad, esta faja lumbar es transpirable y ofrece un soporte lumbar espec\u00edfico, garantizando comodidad durante todo el d\u00eda. Su elegante color gris es vers\u00e1til, por lo que resulta adecuado tanto para su uso en casa como en la oficina. El producto est\u00e1 disponible para todos los usuarios y cuenta con correas ajustables para un ajuste seguro. El pedido m\u00ednimo es de 1 unidad, con un plazo de entrega de 3 a 5 d\u00edas. Para pedidos a partir de 1.000 unidades se ofrecen opciones de personalizaci\u00f3n de logotipos, embalajes y dise\u00f1os. La muestra est\u00e1 disponible en $25 y mide 32,5 cm x 22 cm x 6 cm, con un peso de 250 g.<\/p>\n<p><strong>Caracter\u00edsticas principales:<\/strong><\/p>\n<ul>\n<li>Tejido de infrarrojos lejanos para un confort superior<\/li>\n<li>Alivio eficaz de la ci\u00e1tica, las hernias discales y la escoliosis<\/li>\n<li>Material transpirable para llevarlo todo el d\u00eda<\/li>\n<li>Dise\u00f1o ajustable para un apoyo lumbar personalizado<\/li>\n<li>Pedido m\u00ednimo: 1 unidad<\/li>\n<li>Entrega r\u00e1pida en 3-5 d\u00edas<\/li>\n<li>Posibilidad de personalizar el logotipo, el embalaje y el dise\u00f1o para pedidos al por mayor (1000 unidades o m\u00e1s)<\/li>\n<\/ul>\n<p>Perfecto para quienes buscan mejorar su postura, aliviar el dolor de espalda y mejorar la salud general de la columna vertebral.<\/p>\n<\/div>\n<\/div>\n<\/div>\n<\/div>\n<\/div>\n<\/div>","protected":false},"excerpt":{"rendered":"<p>Sapling Back Brace (Posture Correction Belt) &#8211; Model XS-201H, made with far infrared fabric, is designed to provide lumbar support and help relieve sciatica, herniated discs, and scoliosis-related pain.<\/p>\n<p>The breathable material ensures comfort for extended wear, while the sleek grey design offers a subtle, stylish look to improve your posture and provide reliable back support.<\/p>","protected":false},"featured_media":6239,"comment_status":"open","ping_status":"closed","template":"","meta":[],"product_brand":[],"product_cat":[90],"product_tag":[],"class_list":{"0":"post-6230","1":"product","2":"type-product","3":"status-publish","4":"has-post-thumbnail","6":"product_cat-supporting-equipment","8":"first","9":"instock","10":"shipping-taxable","11":"purchasable","12":"product-type-variable"},"_links":{"self":[{"href":"http:\/\/www.forethoughtmed.com\/es\/wp-json\/wp\/v2\/product\/6230","targetHints":{"allow":["GET"]}}],"collection":[{"href":"http:\/\/www.forethoughtmed.com\/es\/wp-json\/wp\/v2\/product"}],"about":[{"href":"http:\/\/www.forethoughtmed.com\/es\/wp-json\/wp\/v2\/types\/product"}],"replies":[{"embeddable":true,"href":"http:\/\/www.forethoughtmed.com\/es\/wp-json\/wp\/v2\/comments?post=6230"}],"wp:featuredmedia":[{"embeddable":true,"href":"http:\/\/www.forethoughtmed.com\/es\/wp-json\/wp\/v2\/media\/6239"}],"wp:attachment":[{"href":"http:\/\/www.forethoughtmed.com\/es\/wp-json\/wp\/v2\/media?parent=6230"}],"wp:term":[{"taxonomy":"product_brand","embeddable":true,"href":"http:\/\/www.forethoughtmed.com\/es\/wp-json\/wp\/v2\/product_brand?post=6230"},{"taxonomy":"product_cat","embeddable":true,"href":"http:\/\/www.forethoughtmed.com\/es\/wp-json\/wp\/v2\/product_cat?post=6230"},{"taxonomy":"product_tag","embeddable":true,"href":"http:\/\/www.forethoughtmed.com\/es\/wp-json\/wp\/v2\/product_tag?post=6230"}],"curies":[{"name":"wp","href":"https:\/\/api.w.org\/{rel}","templated":true}]}}