{"id":6979,"date":"2025-01-08T05:58:00","date_gmt":"2025-01-08T05:58:00","guid":{"rendered":"https:\/\/www.forethoughtmed.com\/?post_type=product&#038;p=6979"},"modified":"2025-06-22T10:53:36","modified_gmt":"2025-06-22T09:53:36","slug":"sapling-pink-spine-whale","status":"publish","type":"product","link":"http:\/\/www.forethoughtmed.com\/de\/produkt\/sapling-pink-spine-whale\/","title":{"rendered":"Sapling Rosa Stachelwal"},"content":{"rendered":"<p>B\u00e4umchen-Skoliometer<\/p>\n<p>Nicht strahlend, tragbar, kompakt und leicht.<\/p>\n<p>Erm\u00f6glicht ein gro\u00df angelegtes Wirbels\u00e4ulenskoliose-Screening in der gesamten Stadt.<\/p>\n<p><img decoding=\"async\" class=\"aligncenter wp-image-6966 size-full\" src=\"http:\/\/www.forethoughtmed.com\/wp-content\/uploads\/2025\/01\/\u6d77\u5916c\u7aef\u5355\u98751.jpg\" alt=\"\" width=\"1748\" height=\"2480\" srcset=\"http:\/\/www.forethoughtmed.com\/wp-content\/uploads\/2025\/01\/\u6d77\u5916c\u7aef\u5355\u98751.jpg 1748w, http:\/\/www.forethoughtmed.com\/wp-content\/uploads\/2025\/01\/\u6d77\u5916c\u7aef\u5355\u98751-282x400.jpg 282w, http:\/\/www.forethoughtmed.com\/wp-content\/uploads\/2025\/01\/\u6d77\u5916c\u7aef\u5355\u98751-564x800.jpg 564w, http:\/\/www.forethoughtmed.com\/wp-content\/uploads\/2025\/01\/\u6d77\u5916c\u7aef\u5355\u98751-768x1090.jpg 768w, http:\/\/www.forethoughtmed.com\/wp-content\/uploads\/2025\/01\/\u6d77\u5916c\u7aef\u5355\u98751-1083x1536.jpg 1083w, http:\/\/www.forethoughtmed.com\/wp-content\/uploads\/2025\/01\/\u6d77\u5916c\u7aef\u5355\u98751-1444x2048.jpg 1444w, http:\/\/www.forethoughtmed.com\/wp-content\/uploads\/2025\/01\/\u6d77\u5916c\u7aef\u5355\u98751-8x12.jpg 8w, http:\/\/www.forethoughtmed.com\/wp-content\/uploads\/2025\/01\/\u6d77\u5916c\u7aef\u5355\u98751-1000x1419.jpg 1000w\" sizes=\"(max-width: 1748px) 100vw, 1748px\" \/><\/p>\n<div style=\"width: 1020px;\" class=\"wp-video\"><video class=\"wp-video-shortcode\" id=\"video-6979-1\" width=\"1020\" height=\"574\" autoplay preload=\"metadata\" controls=\"controls\"><source type=\"video\/mp4\" src=\"http:\/\/www.forethoughtmed.com\/wp-content\/uploads\/2025\/01\/Spine-Whale-video.mp4?_=1\" \/><a href=\"http:\/\/www.forethoughtmed.com\/wp-content\/uploads\/2025\/01\/Spine-Whale-video.mp4\">http:\/\/www.forethoughtmed.com\/wp-content\/uploads\/2025\/01\/Spine-Whale-video.mp4<\/a><\/video><\/div>\n<div style=\"width: 1020px;\" class=\"wp-video\"><video class=\"wp-video-shortcode\" id=\"video-6979-2\" width=\"1020\" height=\"1813\" preload=\"metadata\" controls=\"controls\"><source type=\"video\/mp4\" src=\"http:\/\/www.forethoughtmed.com\/wp-content\/uploads\/2025\/01\/Sampling-Video.mp4?_=2\" \/><a href=\"http:\/\/www.forethoughtmed.com\/wp-content\/uploads\/2025\/01\/Sampling-Video.mp4\">http:\/\/www.forethoughtmed.com\/wp-content\/uploads\/2025\/01\/Sampling-Video.mp4<\/a><\/video><\/div>","protected":false},"excerpt":{"rendered":"<p>Sapling Scoliometer Nonradiative, Portable,Compact and light. Enables large-scale spinal scoliosis screening at a city-wide level.<\/p>","protected":false},"featured_media":6969,"comment_status":"open","ping_status":"closed","template":"","meta":[],"product_brand":[],"product_cat":[110],"product_tag":[],"class_list":{"0":"post-6979","1":"product","2":"type-product","3":"status-publish","4":"has-post-thumbnail","6":"product_cat-scoliosis-test-meter","8":"first","9":"instock","10":"sale","11":"shipping-taxable","12":"purchasable","13":"product-type-simple"},"_links":{"self":[{"href":"http:\/\/www.forethoughtmed.com\/de\/wp-json\/wp\/v2\/product\/6979","targetHints":{"allow":["GET"]}}],"collection":[{"href":"http:\/\/www.forethoughtmed.com\/de\/wp-json\/wp\/v2\/product"}],"about":[{"href":"http:\/\/www.forethoughtmed.com\/de\/wp-json\/wp\/v2\/types\/product"}],"replies":[{"embeddable":true,"href":"http:\/\/www.forethoughtmed.com\/de\/wp-json\/wp\/v2\/comments?post=6979"}],"wp:featuredmedia":[{"embeddable":true,"href":"http:\/\/www.forethoughtmed.com\/de\/wp-json\/wp\/v2\/media\/6969"}],"wp:attachment":[{"href":"http:\/\/www.forethoughtmed.com\/de\/wp-json\/wp\/v2\/media?parent=6979"}],"wp:term":[{"taxonomy":"product_brand","embeddable":true,"href":"http:\/\/www.forethoughtmed.com\/de\/wp-json\/wp\/v2\/product_brand?post=6979"},{"taxonomy":"product_cat","embeddable":true,"href":"http:\/\/www.forethoughtmed.com\/de\/wp-json\/wp\/v2\/product_cat?post=6979"},{"taxonomy":"product_tag","embeddable":true,"href":"http:\/\/www.forethoughtmed.com\/de\/wp-json\/wp\/v2\/product_tag?post=6979"}],"curies":[{"name":"wp","href":"https:\/\/api.w.org\/{rel}","templated":true}]}}