{"id":6259,"date":"2024-10-23T11:34:00","date_gmt":"2024-10-23T10:34:00","guid":{"rendered":"https:\/\/www.forethoughtmed.com\/?post_type=product&#038;p=6259"},"modified":"2025-04-11T03:31:08","modified_gmt":"2025-04-11T02:31:08","slug":"sapling-backpack-for-back-pain-and-support","status":"publish","type":"product","link":"http:\/\/www.forethoughtmed.com\/de\/produkt\/sapling-backpack-for-back-pain-and-support\/","title":{"rendered":"Sapling-Rucksack f\u00fcr R\u00fcckenschmerzen und Unterst\u00fctzung"},"content":{"rendered":"<p data-pm-slice=\"1 1 []\">Sapling Rucksack f\u00fcr R\u00fcckenschmerzen und Unterst\u00fctzung - Modell XS101 ist speziell entwickelt, um Komfort zu bieten und R\u00fcckenschmerzen zu lindern, w\u00e4hrend Sie Ihre wichtigsten Dinge tragen. Der aus hochwertigem PU-Material gefertigte Rucksack bietet ergonomische Unterst\u00fctzung und ist damit die ideale Wahl f\u00fcr Menschen mit R\u00fcckenproblemen. Er ist in den Farben Rot und Blau erh\u00e4ltlich und verbindet Funktionalit\u00e4t mit Stil, so dass Sie Ihre Sachen den ganzen Tag \u00fcber bequem tragen k\u00f6nnen.<\/p>\n<p><strong>Wesentliche Merkmale:<\/strong><\/p>\n<ul data-spread=\"false\">\n<li>Ergonomisches Design zur Linderung von R\u00fcckenschmerzen und f\u00fcr eine wirksame Unterst\u00fctzung.<\/li>\n<li>Hergestellt aus strapazierf\u00e4higem PU-Material f\u00fcr eine lange Nutzungsdauer.<\/li>\n<li>Stilvolle Farboptionen: rot und blau, geeignet f\u00fcr alle Personen.<\/li>\n<li>Ger\u00e4umige Abmessungen (37 cm x 30 cm x 20 cm) und geringes Gewicht (1,3 kg) f\u00fcr einfachen Transport.<\/li>\n<li>Mindestbestellmenge: 1 St\u00fcck.<\/li>\n<li>Schnelle Lieferung innerhalb von 3-5 Tagen.<\/li>\n<li>Individuelle Logos, Verpackungen und Muster sind bei Gro\u00dfbestellungen (1000 St\u00fcck oder mehr) erh\u00e4ltlich.<\/li>\n<\/ul>\n<p>Egal, ob Sie pendeln, reisen oder zur Arbeit fahren, der Sapling-Rucksack ist die beste Wahl f\u00fcr alle, die Komfort und Unterst\u00fctzung suchen, insbesondere f\u00fcr Personen mit R\u00fcckenproblemen. Muster erh\u00e4ltlich unter $30.<\/p>","protected":false},"excerpt":{"rendered":"<p data-pm-slice=\"1 1 []\">Der Sapling-Rucksack f\u00fcr R\u00fcckenschmerzen und Unterst\u00fctzung - Modell XS101 bietet ergonomisches Design und strapazierf\u00e4higes PU-Material, um R\u00fcckenschmerzen zu lindern, w\u00e4hrend Sie Ihre wichtigsten Dinge tragen. Erh\u00e4ltlich in Rot und Blau, ist er die perfekte Mischung aus Komfort und Stil f\u00fcr den t\u00e4glichen Gebrauch.<\/p>","protected":false},"featured_media":6265,"comment_status":"open","ping_status":"closed","template":"","meta":[],"product_brand":[],"product_cat":[90],"product_tag":[],"class_list":{"0":"post-6259","1":"product","2":"type-product","3":"status-publish","4":"has-post-thumbnail","6":"product_cat-supporting-equipment","8":"first","9":"instock","10":"sale","11":"shipping-taxable","12":"purchasable","13":"product-type-variable"},"_links":{"self":[{"href":"http:\/\/www.forethoughtmed.com\/de\/wp-json\/wp\/v2\/product\/6259","targetHints":{"allow":["GET"]}}],"collection":[{"href":"http:\/\/www.forethoughtmed.com\/de\/wp-json\/wp\/v2\/product"}],"about":[{"href":"http:\/\/www.forethoughtmed.com\/de\/wp-json\/wp\/v2\/types\/product"}],"replies":[{"embeddable":true,"href":"http:\/\/www.forethoughtmed.com\/de\/wp-json\/wp\/v2\/comments?post=6259"}],"wp:featuredmedia":[{"embeddable":true,"href":"http:\/\/www.forethoughtmed.com\/de\/wp-json\/wp\/v2\/media\/6265"}],"wp:attachment":[{"href":"http:\/\/www.forethoughtmed.com\/de\/wp-json\/wp\/v2\/media?parent=6259"}],"wp:term":[{"taxonomy":"product_brand","embeddable":true,"href":"http:\/\/www.forethoughtmed.com\/de\/wp-json\/wp\/v2\/product_brand?post=6259"},{"taxonomy":"product_cat","embeddable":true,"href":"http:\/\/www.forethoughtmed.com\/de\/wp-json\/wp\/v2\/product_cat?post=6259"},{"taxonomy":"product_tag","embeddable":true,"href":"http:\/\/www.forethoughtmed.com\/de\/wp-json\/wp\/v2\/product_tag?post=6259"}],"curies":[{"name":"wp","href":"https:\/\/api.w.org\/{rel}","templated":true}]}}