{"id":6245,"date":"2024-10-23T11:27:28","date_gmt":"2024-10-23T10:27:28","guid":{"rendered":"https:\/\/www.forethoughtmed.com\/?post_type=product&#038;p=6245"},"modified":"2025-05-31T12:15:21","modified_gmt":"2025-05-31T11:15:21","slug":"sapling-lumbar-support","status":"publish","type":"product","link":"http:\/\/www.forethoughtmed.com\/de\/produkt\/sapling-lumbar-support\/","title":{"rendered":"Sapling Lendenwirbelst\u00fctze"},"content":{"rendered":"<p data-pm-slice=\"1 1 []\">Die Sapling Lendenwirbelst\u00fctze - Modell XS502ZM wurde entwickelt, um den R\u00fccken und die Lendenwirbels\u00e4ule effektiv zu st\u00fctzen, Beschwerden zu lindern und die Haltung zu verbessern. Die aus Ferninfrarot-Gewebe gefertigte R\u00fcckenbandage bietet gezielte Unterst\u00fctzung und sorgt den ganzen Tag \u00fcber f\u00fcr Komfort. Das atmungsaktive Design eignet sich auch f\u00fcr l\u00e4ngere Tragezeiten, und die schlichte graue Farbe verleiht ihm einen Hauch von Stil, so dass es vielseitig zu Hause, im B\u00fcro oder beim Sport eingesetzt werden kann.<\/p>\n<p><strong>Wesentliche Merkmale:<\/strong><\/p>\n<ul data-spread=\"false\">\n<li>Bietet eine zuverl\u00e4ssige R\u00fccken- und Lendenwirbelst\u00fctze zur Verbesserung der K\u00f6rperhaltung und Schmerzlinderung.<\/li>\n<li>Hergestellt aus Ferninfrarot-Gewebe f\u00fcr mehr Komfort und Atmungsaktivit\u00e4t.<\/li>\n<li>Verstellbares Design f\u00fcr individuelle Passform und Komfort.<\/li>\n<li>Geeignet f\u00fcr alle Personen.<\/li>\n<li>Mindestbestellmenge: 1 St\u00fcck.<\/li>\n<li>Schnelle Lieferung innerhalb von 3-5 Tagen.<\/li>\n<li>Individuelle Logos, Verpackungen und Muster sind bei Gro\u00dfbestellungen (1000 St\u00fcck oder mehr) erh\u00e4ltlich.<\/li>\n<\/ul>\n<p>Die Sapling Lumbalst\u00fctze mit den Ma\u00dfen 24 cm x 31 cm x 6 cm und einem Gewicht von 450 g ist als Muster unter der Nummer $35 erh\u00e4ltlich und bietet eine ideale Kombination aus Wirksamkeit und Komfort f\u00fcr alle, die eine Lumbalst\u00fctze ben\u00f6tigen.<\/p>","protected":false},"excerpt":{"rendered":"<p data-pm-slice=\"1 1 []\">Die Sapling Lendenwirbelst\u00fctze - Modell XS502ZM bietet eine wirksame Unterst\u00fctzung des R\u00fcckens und der Lendenwirbels\u00e4ule, um Beschwerden zu lindern und die Haltung zu verbessern. Sie ist aus atmungsaktivem Ferninfrarot-Gewebe gefertigt und bietet auch bei l\u00e4ngerem Tragen hohen Komfort. Leicht und einfach zu verwenden, mit schneller Lieferung verf\u00fcgbar.<\/p>","protected":false},"featured_media":6250,"comment_status":"open","ping_status":"closed","template":"","meta":[],"product_brand":[],"product_cat":[90],"product_tag":[],"class_list":{"0":"post-6245","1":"product","2":"type-product","3":"status-publish","4":"has-post-thumbnail","6":"product_cat-supporting-equipment","8":"first","9":"instock","10":"featured","11":"shipping-taxable","12":"purchasable","13":"product-type-variable"},"_links":{"self":[{"href":"http:\/\/www.forethoughtmed.com\/de\/wp-json\/wp\/v2\/product\/6245","targetHints":{"allow":["GET"]}}],"collection":[{"href":"http:\/\/www.forethoughtmed.com\/de\/wp-json\/wp\/v2\/product"}],"about":[{"href":"http:\/\/www.forethoughtmed.com\/de\/wp-json\/wp\/v2\/types\/product"}],"replies":[{"embeddable":true,"href":"http:\/\/www.forethoughtmed.com\/de\/wp-json\/wp\/v2\/comments?post=6245"}],"wp:featuredmedia":[{"embeddable":true,"href":"http:\/\/www.forethoughtmed.com\/de\/wp-json\/wp\/v2\/media\/6250"}],"wp:attachment":[{"href":"http:\/\/www.forethoughtmed.com\/de\/wp-json\/wp\/v2\/media?parent=6245"}],"wp:term":[{"taxonomy":"product_brand","embeddable":true,"href":"http:\/\/www.forethoughtmed.com\/de\/wp-json\/wp\/v2\/product_brand?post=6245"},{"taxonomy":"product_cat","embeddable":true,"href":"http:\/\/www.forethoughtmed.com\/de\/wp-json\/wp\/v2\/product_cat?post=6245"},{"taxonomy":"product_tag","embeddable":true,"href":"http:\/\/www.forethoughtmed.com\/de\/wp-json\/wp\/v2\/product_tag?post=6245"}],"curies":[{"name":"wp","href":"https:\/\/api.w.org\/{rel}","templated":true}]}}