{"id":6230,"date":"2024-10-23T10:50:34","date_gmt":"2024-10-23T09:50:34","guid":{"rendered":"https:\/\/www.forethoughtmed.com\/?post_type=product&#038;p=6230"},"modified":"2025-03-24T09:34:02","modified_gmt":"2025-03-24T09:34:02","slug":"sapling-back-braceposture-correction-belt","status":"publish","type":"product","link":"http:\/\/www.forethoughtmed.com\/de\/produkt\/sapling-back-braceposture-correction-belt\/","title":{"rendered":"Sapling Back Brace (G\u00fcrtel zur Haltungskorrektur)"},"content":{"rendered":"<div class=\"flex-shrink-0 flex flex-col relative items-end\">\n<div>\n<div class=\"pt-0\">\n<div class=\"gizmo-bot-avatar flex h-8 w-8 items-center justify-center overflow-hidden rounded-full\">\n<div class=\"relative p-1 rounded-sm flex items-center justify-center bg-token-main-surface-primary text-token-text-primary h-8 w-8\"><\/div>\n<\/div>\n<\/div>\n<\/div>\n<\/div>\n<div class=\"group\/conversation-turn relative flex w-full min-w-0 flex-col agent-turn\">\n<div class=\"flex-col gap-1 md:gap-3\">\n<div class=\"flex max-w-full flex-col flex-grow\">\n<div class=\"min-h-8 text-message flex w-full flex-col items-end gap-2 whitespace-normal break-words [.text-message+&amp;]:mt-5\" dir=\"auto\" data-message-author-role=\"assistant\" data-message-id=\"0cf6315d-e72c-4ae6-9e3f-286c168f54ad\" data-message-model-slug=\"gpt-4o-canmore\">\n<div class=\"flex w-full flex-col gap-1 empty:hidden first:pt-[3px]\">\n<div class=\"markdown prose w-full break-words dark:prose-invert light\">\n<p>Sapling Back Brace (Haltungskorrekturg\u00fcrtel) - Modell XS-201H ist eine unverzichtbare L\u00f6sung f\u00fcr alle, die Ischias, Bandscheibenvorf\u00e4lle oder Skoliose-Beschwerden lindern m\u00f6chten. Diese R\u00fcckenbandage aus hochwertigem Ferninfrarot-Gewebe ist atmungsaktiv und bietet eine gezielte Unterst\u00fctzung der Lendenwirbels\u00e4ule, so dass sie den ganzen Tag \u00fcber bequem ist. Die schlichte graue Farbe ist vielseitig und eignet sich sowohl f\u00fcr den Einsatz zu Hause als auch im B\u00fcro. Das Produkt ist f\u00fcr alle Benutzer erh\u00e4ltlich und verf\u00fcgt \u00fcber verstellbare Gurte f\u00fcr einen sicheren Sitz. Die Mindestbestellmenge betr\u00e4gt nur 1 St\u00fcck bei einer Lieferzeit von 3-5 Tagen. Individuelle Optionen f\u00fcr Logos, Verpackungen und Muster sind ab einer Bestellmenge von 1000 St\u00fcck erh\u00e4ltlich. Das Muster ist unter der Nummer $25 erh\u00e4ltlich und misst 32,5 cm x 22 cm x 6 cm und wiegt 250 g.<\/p>\n<p><strong>Wesentliche Merkmale:<\/strong><\/p>\n<ul>\n<li>Ferninfrarot-Gewebe f\u00fcr h\u00f6chsten Komfort<\/li>\n<li>Wirksame Hilfe bei Ischias, Bandscheibenvorf\u00e4llen und Skoliose<\/li>\n<li>Atmungsaktives Material f\u00fcr ganzt\u00e4giges Tragen<\/li>\n<li>Verstellbares Design f\u00fcr individuelle Lendenwirbelst\u00fctze<\/li>\n<li>Mindestbestellmenge: 1 St\u00fcck<\/li>\n<li>Schnelle Lieferung innerhalb von 3-5 Tagen<\/li>\n<li>Kundenspezifische Logos, Verpackungen und Muster sind bei Gro\u00dfbestellungen (1000 St\u00fcck oder mehr) m\u00f6glich.<\/li>\n<\/ul>\n<p>Perfekt f\u00fcr alle, die ihre Haltung verbessern, R\u00fcckenschmerzen lindern und die allgemeine Gesundheit der Wirbels\u00e4ule f\u00f6rdern m\u00f6chten.<\/p>\n<\/div>\n<\/div>\n<\/div>\n<\/div>\n<\/div>\n<\/div>","protected":false},"excerpt":{"rendered":"<p>Sapling Back Brace (Haltungskorrekturg\u00fcrtel) - Modell XS-201H, hergestellt aus Ferninfrarot-Gewebe, wurde entwickelt, um die Lendenwirbels\u00e4ule zu st\u00fctzen und Ischias, Bandscheibenvorf\u00e4lle und Skoliose-bedingte Schmerzen zu lindern.<\/p>\n<p>Das atmungsaktive Material sorgt f\u00fcr hohen Tragekomfort, w\u00e4hrend das schlichte graue Design einen dezenten, eleganten Look bietet, der Ihre Haltung verbessert und Ihren R\u00fccken zuverl\u00e4ssig unterst\u00fctzt.<\/p>","protected":false},"featured_media":6239,"comment_status":"open","ping_status":"closed","template":"","meta":[],"product_brand":[],"product_cat":[90],"product_tag":[],"class_list":{"0":"post-6230","1":"product","2":"type-product","3":"status-publish","4":"has-post-thumbnail","6":"product_cat-supporting-equipment","8":"first","9":"instock","10":"shipping-taxable","11":"purchasable","12":"product-type-variable"},"_links":{"self":[{"href":"http:\/\/www.forethoughtmed.com\/de\/wp-json\/wp\/v2\/product\/6230","targetHints":{"allow":["GET"]}}],"collection":[{"href":"http:\/\/www.forethoughtmed.com\/de\/wp-json\/wp\/v2\/product"}],"about":[{"href":"http:\/\/www.forethoughtmed.com\/de\/wp-json\/wp\/v2\/types\/product"}],"replies":[{"embeddable":true,"href":"http:\/\/www.forethoughtmed.com\/de\/wp-json\/wp\/v2\/comments?post=6230"}],"wp:featuredmedia":[{"embeddable":true,"href":"http:\/\/www.forethoughtmed.com\/de\/wp-json\/wp\/v2\/media\/6239"}],"wp:attachment":[{"href":"http:\/\/www.forethoughtmed.com\/de\/wp-json\/wp\/v2\/media?parent=6230"}],"wp:term":[{"taxonomy":"product_brand","embeddable":true,"href":"http:\/\/www.forethoughtmed.com\/de\/wp-json\/wp\/v2\/product_brand?post=6230"},{"taxonomy":"product_cat","embeddable":true,"href":"http:\/\/www.forethoughtmed.com\/de\/wp-json\/wp\/v2\/product_cat?post=6230"},{"taxonomy":"product_tag","embeddable":true,"href":"http:\/\/www.forethoughtmed.com\/de\/wp-json\/wp\/v2\/product_tag?post=6230"}],"curies":[{"name":"wp","href":"https:\/\/api.w.org\/{rel}","templated":true}]}}